{"id":21977,"date":"2021-08-17T10:35:56","date_gmt":"2021-08-17T08:35:56","guid":{"rendered":"https:\/\/devweb.studiodesparfums-paris.fr\/?page_id=21977"},"modified":"2025-04-23T21:56:17","modified_gmt":"2025-04-23T19:56:17","slug":"contact","status":"publish","type":"page","link":"https:\/\/b1hbib.salite.space\/en_us\/contact\/","title":{"rendered":"Contact Us"},"content":{"rendered":"\t\t<div data-elementor-type=\"wp-page\" data-elementor-id=\"21977\" class=\"elementor elementor-21977\" data-elementor-post-type=\"page\">\n\t\t\t\t<div class=\"elementor-element elementor-element-4a197ea e-flex e-con-boxed e-con e-parent\" data-id=\"4a197ea\" data-element_type=\"container\" data-e-type=\"container\">\n\t\t\t\t\t<div class=\"e-con-inner\">\n\t\t<div class=\"elementor-element elementor-element-5c688f2 e-con-full e-flex e-con e-child\" data-id=\"5c688f2\" data-element_type=\"container\" data-e-type=\"container\">\n\t\t\t\t<div class=\"elementor-element elementor-element-0b231c3 elementor-widget__width-initial elementor-widget-divider--view-line elementor-widget elementor-widget-divider\" data-id=\"0b231c3\" data-element_type=\"widget\" data-e-type=\"widget\" data-widget_type=\"divider.default\">\n\t\t\t\t<div class=\"elementor-widget-container\">\n\t\t\t\t\t\t\t<div class=\"elementor-divider\">\n\t\t\t<span class=\"elementor-divider-separator\">\n\t\t\t\t\t\t<\/span>\n\t\t<\/div>\n\t\t\t\t\t\t<\/div>\n\t\t\t\t<\/div>\n\t\t\t\t<div class=\"elementor-element elementor-element-e254c76 elementor-widget__width-initial elementor-widget elementor-widget-heading\" data-id=\"e254c76\" data-element_type=\"widget\" data-e-type=\"widget\" data-widget_type=\"heading.default\">\n\t\t\t\t<div class=\"elementor-widget-container\">\n\t\t\t\t\t<h2 class=\"elementor-heading-title elementor-size-default\">UNE QUESTION ?<\/h2>\t\t\t\t<\/div>\n\t\t\t\t<\/div>\n\t\t\t\t<div class=\"elementor-element elementor-element-aafb1a8 elementor-widget__width-initial elementor-widget-divider--view-line elementor-widget elementor-widget-divider\" data-id=\"aafb1a8\" data-element_type=\"widget\" data-e-type=\"widget\" data-widget_type=\"divider.default\">\n\t\t\t\t<div class=\"elementor-widget-container\">\n\t\t\t\t\t\t\t<div class=\"elementor-divider\">\n\t\t\t<span class=\"elementor-divider-separator\">\n\t\t\t\t\t\t<\/span>\n\t\t<\/div>\n\t\t\t\t\t\t<\/div>\n\t\t\t\t<\/div>\n\t\t\t\t<\/div>\n\t\t\t\t<div class=\"elementor-element elementor-element-665df45 elementor-invisible elementor-widget elementor-widget-text-editor\" data-id=\"665df45\" data-element_type=\"widget\" data-e-type=\"widget\" data-settings=\"{&quot;_animation&quot;:&quot;fadeInUp&quot;,&quot;_animation_delay&quot;:200}\" data-widget_type=\"text-editor.default\">\n\t\t\t\t<div class=\"elementor-widget-container\">\n\t\t\t\t\t\t\t\t\t<p>Notre \u00e9quipe charg\u00e9e en relation client\u00e8le se tient \u00e0 votre disposition<br \/>pour r\u00e9pondre \u00e0 toutes vos interrogations. Nous vous r\u00e9pondons entre 24h et 48h.<\/p>\t\t\t\t\t\t\t\t<\/div>\n\t\t\t\t<\/div>\n\t\t\t\t<div class=\"elementor-element elementor-element-8807ea8 elementor-widget-divider--view-line elementor-widget elementor-widget-divider\" data-id=\"8807ea8\" data-element_type=\"widget\" data-e-type=\"widget\" data-widget_type=\"divider.default\">\n\t\t\t\t<div class=\"elementor-widget-container\">\n\t\t\t\t\t\t\t<div class=\"elementor-divider\">\n\t\t\t<span class=\"elementor-divider-separator\">\n\t\t\t\t\t\t<\/span>\n\t\t<\/div>\n\t\t\t\t\t\t<\/div>\n\t\t\t\t<\/div>\n\t\t<div class=\"elementor-element elementor-element-33080db e-con-full e-flex e-con e-child\" data-id=\"33080db\" data-element_type=\"container\" data-e-type=\"container\">\n\t\t<div class=\"elementor-element elementor-element-1fded34 e-con-full e-flex e-con e-child\" data-id=\"1fded34\" data-element_type=\"container\" data-e-type=\"container\">\n\t\t\t\t<div class=\"elementor-element elementor-element-6d0c788 elementor-widget elementor-widget-htcontactform-addons\" data-id=\"6d0c788\" data-element_type=\"widget\" data-e-type=\"widget\" data-widget_type=\"htcontactform-addons.default\">\n\t\t\t\t<div class=\"elementor-widget-container\">\n\t\t\t\t\t            <div class=\"htcontact-form-wrapper\" >\n                \n<div class=\"wpcf7 no-js\" id=\"wpcf7-f807922-o1\" lang=\"fr-FR\" dir=\"ltr\" data-wpcf7-id=\"807922\">\n<div class=\"screen-reader-response\"><p role=\"status\" aria-live=\"polite\" aria-atomic=\"true\"><\/p> <ul><\/ul><\/div>\n<form action=\"\/en_us\/wp-json\/wp\/v2\/pages\/21977#wpcf7-f807922-o1\" method=\"post\" class=\"wpcf7-form init\" aria-label=\"Formulaire de contact\" novalidate=\"novalidate\" data-status=\"init\">\n<fieldset class=\"hidden-fields-container\"><input type=\"hidden\" name=\"_wpcf7\" value=\"807922\" \/><input type=\"hidden\" name=\"_wpcf7_version\" value=\"6.1.5\" \/><input type=\"hidden\" name=\"_wpcf7_locale\" value=\"fr_FR\" \/><input type=\"hidden\" name=\"_wpcf7_unit_tag\" value=\"wpcf7-f807922-o1\" \/><input type=\"hidden\" name=\"_wpcf7_container_post\" value=\"0\" \/><input type=\"hidden\" name=\"_wpcf7_posted_data_hash\" value=\"\" \/><input type=\"hidden\" name=\"_extcf7_conditional_options\" value=\"{&quot;form_id&quot;:807922,&quot;conditions&quot;:[]}\" \/><input type=\"hidden\" name=\"_extcf7_redirect_options\" value=\"{&quot;form_id&quot;:807922,&quot;redirect_options&quot;:&quot;&quot;}\" \/><input type=\"hidden\" name=\"_wpcf7_recaptcha_response\" value=\"\" \/>\n<\/fieldset>\n<p><label> Nom\/pr\u00e9nom<br \/>\n<span class=\"wpcf7-form-control-wrap\" data-name=\"your-name\"><input size=\"40\" maxlength=\"400\" class=\"wpcf7-form-control wpcf7-text wpcf7-validates-as-required\" autocomplete=\"name\" aria-required=\"true\" aria-invalid=\"false\" value=\"\" type=\"text\" name=\"your-name\" \/><\/span> <\/label>\n<\/p>\n<p><label> E-mail<br \/>\n<span class=\"wpcf7-form-control-wrap\" data-name=\"your-email\"><input size=\"40\" maxlength=\"400\" class=\"wpcf7-form-control wpcf7-email wpcf7-validates-as-required wpcf7-text wpcf7-validates-as-email\" autocomplete=\"email\" aria-required=\"true\" aria-invalid=\"false\" value=\"\" type=\"email\" name=\"your-email\" \/><\/span> <\/label>\n<\/p>\n<p><label> Num\u00e9ro de t\u00e9l\u00e9phone<br \/>\n<span class=\"wpcf7-form-control-wrap your_intl_tel\"><input class=\"wpcf7-form-control wpcf7-intl_tel wpcf7-intl-tel\" aria-invalid=\"false\" value=\"\" type=\"tel\" name=\"your_intl_tel-cf7it-national\" \/><input name=\"your_intl_tel\" type=\"hidden\" class=\"wpcf7-intl-tel-full\" \/><input type=\"hidden\" name=\"your_intl_tel-cf7it-country-name\" class=\"wpcf7-intl-tel-country-name\" \/><input type=\"hidden\" name=\"your_intl_tel-cf7it-country-code\" class=\"wpcf7-intl-tel-country-code\" \/><input type=\"hidden\" name=\"your_intl_tel-cf7it-country-iso2\" class=\"wpcf7-intl-tel-country-iso2\" \/><\/span> <\/label>\n<\/p>\n<p><label> Objet<br \/>\n<span class=\"wpcf7-form-control-wrap\" data-name=\"your-subject\"><input size=\"40\" maxlength=\"400\" class=\"wpcf7-form-control wpcf7-text wpcf7-validates-as-required\" aria-required=\"true\" aria-invalid=\"false\" value=\"\" type=\"text\" name=\"your-subject\" \/><\/span> <\/label>\n<\/p>\n<p><label> Message<br \/>\n<span class=\"wpcf7-form-control-wrap\" data-name=\"your-message\"><textarea cols=\"40\" rows=\"10\" maxlength=\"2000\" class=\"wpcf7-form-control wpcf7-textarea wpcf7-validates-as-required\" aria-required=\"true\" aria-invalid=\"false\" name=\"your-message\"><\/textarea><\/span> <\/label>\n<\/p>\n<p><label><span class=\"wpcf7-form-control-wrap\" data-name=\"acceptance-872\"><span class=\"wpcf7-form-control wpcf7-acceptance\"><span class=\"wpcf7-list-item\"><label><input type=\"checkbox\" name=\"acceptance-872\" value=\"1\" aria-invalid=\"false\" \/><span class=\"wpcf7-list-item-label\">J'accepte que mes donn\u00e9es personnelles soient trait\u00e9es<\/span><\/label><\/span><\/span><\/span><\/label>\n<\/p>\n<p><input class=\"wpcf7-form-control wpcf7-submit has-spinner\" type=\"submit\" value=\"Envoyer\" \/>\n<\/p><div class=\"wpcf7-response-output\" aria-hidden=\"true\"><\/div>\n<\/form>\n<\/div>\n            <\/div>\n\n        \t\t\t\t<\/div>\n\t\t\t\t<\/div>\n\t\t\t\t<\/div>\n\t\t<div class=\"elementor-element elementor-element-53e4aa4 e-con-full e-flex e-con e-child\" data-id=\"53e4aa4\" data-element_type=\"container\" data-e-type=\"container\">\n\t\t<div class=\"elementor-element elementor-element-1198b85 e-con-full e-flex e-con e-child\" data-id=\"1198b85\" data-element_type=\"container\" data-e-type=\"container\">\n\t\t\t\t<div class=\"elementor-element elementor-element-0864a09 elementor-widget__width-initial elementor-widget-divider--view-line elementor-widget elementor-widget-divider\" data-id=\"0864a09\" data-element_type=\"widget\" data-e-type=\"widget\" data-widget_type=\"divider.default\">\n\t\t\t\t<div class=\"elementor-widget-container\">\n\t\t\t\t\t\t\t<div class=\"elementor-divider\">\n\t\t\t<span class=\"elementor-divider-separator\">\n\t\t\t\t\t\t<\/span>\n\t\t<\/div>\n\t\t\t\t\t\t<\/div>\n\t\t\t\t<\/div>\n\t\t\t\t<div class=\"elementor-element elementor-element-f533abd elementor-widget__width-initial elementor-widget elementor-widget-heading\" data-id=\"f533abd\" data-element_type=\"widget\" data-e-type=\"widget\" data-widget_type=\"heading.default\">\n\t\t\t\t<div class=\"elementor-widget-container\">\n\t\t\t\t\t<h2 class=\"elementor-heading-title elementor-size-default\">Restons en contact !<\/h2>\t\t\t\t<\/div>\n\t\t\t\t<\/div>\n\t\t\t\t<div class=\"elementor-element elementor-element-e8a69a2 elementor-widget__width-initial elementor-widget-divider--view-line elementor-widget elementor-widget-divider\" data-id=\"e8a69a2\" data-element_type=\"widget\" data-e-type=\"widget\" data-widget_type=\"divider.default\">\n\t\t\t\t<div class=\"elementor-widget-container\">\n\t\t\t\t\t\t\t<div class=\"elementor-divider\">\n\t\t\t<span class=\"elementor-divider-separator\">\n\t\t\t\t\t\t<\/span>\n\t\t<\/div>\n\t\t\t\t\t\t<\/div>\n\t\t\t\t<\/div>\n\t\t\t\t<\/div>\n\t\t<div class=\"elementor-element elementor-element-68edbce e-con-full e-flex e-con e-child\" data-id=\"68edbce\" data-element_type=\"container\" data-e-type=\"container\">\n\t\t\t\t<div class=\"elementor-element elementor-element-eeb002d elementor-widget__width-initial elementor-widget-mobile__width-initial elementor-position-inline-start elementor-view-default elementor-mobile-position-block-start elementor-widget elementor-widget-icon-box\" data-id=\"eeb002d\" data-element_type=\"widget\" data-e-type=\"widget\" data-widget_type=\"icon-box.default\">\n\t\t\t\t<div class=\"elementor-widget-container\">\n\t\t\t\t\t\t\t<div class=\"elementor-icon-box-wrapper\">\n\n\t\t\t\t\t\t<div class=\"elementor-icon-box-icon\">\n\t\t\t\t<span  class=\"elementor-icon\">\n\t\t\t\t<svg xmlns=\"http:\/\/www.w3.org\/2000\/svg\" width=\"800px\" height=\"800px\" viewBox=\"0 0 1024 1024\" class=\"icon\" fill=\"#000000\"><g id=\"SVGRepo_bgCarrier\" stroke-width=\"0\"><\/g><g id=\"SVGRepo_tracerCarrier\" stroke-linecap=\"round\" stroke-linejoin=\"round\"><\/g><g id=\"SVGRepo_iconCarrier\"><path d=\"M927.779353 325.453213l-10.233734-5.111235-125.719807-88.89782-8.32726-5.503383-74.290047 22.14152C684.340378 169.773497 612.421649 111.210328 530.296831 104.08511c-58.876478-5.163454-115.125666 13.94327-158.420657 53.641353-42.697042 39.151327-67.183259 94.812805-67.18326 152.710448 0 18.680788 2.605788 37.257139 7.719072 55.44339l-46.798727 13.903339-138.004383-78.766474-12.707441-5.5341-19.014574 12.593789v504.188779l0.051194 12.346009 155.287568 88.55789 8.31702 5.503384 516.710897-153.493721 128.616379 90.958901 22.951413-11.88219V338.583519l-0.041979-13.130306zM400.402643 188.830051c34.473195-31.597101 79.323468-46.756747 126.246084-42.697042 68.409874 5.946726 128.01843 56.723247 144.9709 123.50412 1.374054 5.41021 2.056986 10.811205 2.887356 16.2122 0.629689 4.106804 1.268594 8.213608 1.587022 12.309149 0.292831 3.795543 0.268258 7.575728 0.290784 11.360008 0.029693 3.915337 0.154607 7.835794-0.101365 11.731678-0.305118 4.515334-1.041291 9.003024-1.73139 13.493785-0.473035 3.110564-0.729006 6.240581-1.386341 9.332714-1.636169 7.635113-3.745373 15.235414-6.502695 22.774282L536.574272 592.809125l-5.12557 8.903707c-5.883245 10.219399-15.662374 11.332363-19.599213 11.332363-3.9266 0-13.706753-1.112963-19.591022-11.336458L358.766346 369.873454l-2.093845-4.132401c-6.456621-18.039836-9.766842-36.629497-9.766842-55.303118 0-46.097365 19.497848-90.422385 53.496984-121.607884z m485.205945 601.980066l-84.424465-59.69149V536.680756c0-11.655911-9.450462-21.106372-21.106372-21.106372s-21.106372 9.450462-21.106372 21.106372V726.285888L265.613259 872.843809l-127.513654-72.717359V355.597421l112.415441 64.108532v181.334187c0 11.655911 9.450462 21.106372 21.106372 21.106372s21.106372-9.450462 21.106372-21.106372V415.719967l37.327788-11.128609 124.176812 215.676324 1.440607 2.506471 0.01331 0.01843 36.582399 63.537204c4.030013 6.966516 11.53202 11.305742 19.591022 11.305742 0 0 11.570928 1.651527 19.715936-11.547379 9.585614-15.533364 36.42984-63.273041 36.429839-63.273041 0.009215-0.015358 0.021502-0.024573 0.030717-0.039932l136.097909-236.39362 1.463132-3.092133c0.020478-0.05529 0.03174-0.113651 0.053242-0.168941 2.453229-6.530341 4.442638-13.162046 6.218056-19.830611a209.118339 209.118339 0 0 0 1.561425-6.206793c1.368935-5.866863 2.531045-11.765466 3.379845-17.701954 0.301022-2.096917 0.515014-4.201001 0.749484-6.303038a205.135425 205.135425 0 0 0 1.152895-16.218343c0.065529-2.19521 0.122866-4.39042 0.117747-6.59075-0.001024-6.90713-0.265186-13.816309-0.9645-20.716272-0.003072-0.025597-0.001024-0.051194-0.004095-0.077815l58.39218-17.354856 109.354024 77.334058v441.356008z\" fill=\"#000000\"><\/path><path d=\"M511.852561 316.985682m-94.098133 0a94.098133 94.098133 0 1 0 188.196266 0 94.098133 94.098133 0 1 0-188.196266 0Z\" fill=\"#D8B280\"><\/path><\/g><\/svg>\t\t\t\t<\/span>\n\t\t\t<\/div>\n\t\t\t\n\t\t\t\t\t\t<div class=\"elementor-icon-box-content\">\n\n\t\t\t\t\t\t\t\t\t<h3 class=\"elementor-icon-box-title\">\n\t\t\t\t\t\t<span  >\n\t\t\t\t\t\t\tNotre boutique-atelier\t\t\t\t\t\t<\/span>\n\t\t\t\t\t<\/h3>\n\t\t\t\t\n\t\t\t\t\t\t\t\t\t<p class=\"elementor-icon-box-description\">\n\t\t\t\t\t\t21 rue des \u00c9couffes Paris 75004<br> M\u00e9tro H\u00f4tel de Ville\n<br>\nDu lundi au dimanche : 11h - 19h\t\t\t\t\t<\/p>\n\t\t\t\t\n\t\t\t<\/div>\n\t\t\t\n\t\t<\/div>\n\t\t\t\t\t\t<\/div>\n\t\t\t\t<\/div>\n\t\t\t\t<div class=\"elementor-element elementor-element-95a8122 elementor-widget__width-initial elementor-widget-mobile__width-initial elementor-position-inline-start elementor-view-default elementor-mobile-position-block-start elementor-widget elementor-widget-icon-box\" data-id=\"95a8122\" data-element_type=\"widget\" data-e-type=\"widget\" data-widget_type=\"icon-box.default\">\n\t\t\t\t<div class=\"elementor-widget-container\">\n\t\t\t\t\t\t\t<div class=\"elementor-icon-box-wrapper\">\n\n\t\t\t\t\t\t<div class=\"elementor-icon-box-icon\">\n\t\t\t\t<span  class=\"elementor-icon\">\n\t\t\t\t<svg xmlns=\"http:\/\/www.w3.org\/2000\/svg\" width=\"800px\" height=\"800px\" viewBox=\"-102.4 -102.4 1228.80 1228.80\" class=\"icon\" fill=\"#000000\" transform=\"rotate(0)\"><g id=\"SVGRepo_bgCarrier\" stroke-width=\"0\"><\/g><g id=\"SVGRepo_tracerCarrier\" stroke-linecap=\"round\" stroke-linejoin=\"round\" stroke=\"#CCCCCC\" stroke-width=\"2.048\"><\/g><g id=\"SVGRepo_iconCarrier\"><path d=\"M511.585326 660.83709L75.311885 408.257891l22.414898-38.714128 413.858543 239.601453L925.44387 369.543763l22.414898 38.714128z\" fill=\"#D8B280\"><\/path><path d=\"M891.90753 232.297055c12.33577 0 22.371894 10.036124 22.371895 22.371894v514.55357c0 12.33577-10.036124 22.371894-22.371895 22.371894h-760.644407c-12.33577 0-22.371894-10.036124-22.371895-22.371894v-514.55357c0-12.33577 10.036124-22.371894 22.371895-22.371894h760.644407m0-44.743789h-760.644407c-37.066697 0-67.115683 30.048987-67.115684 67.115683v514.55357c0 37.066697 30.048987 67.115683 67.115684 67.115683h760.644407c37.066697 0 67.115683-30.048987 67.115683-67.115683v-514.55357c0-37.066697-30.048987-67.115683-67.115683-67.115683z\" fill=\"#000000\"><\/path><\/g><\/svg>\t\t\t\t<\/span>\n\t\t\t<\/div>\n\t\t\t\n\t\t\t\t\t\t<div class=\"elementor-icon-box-content\">\n\n\t\t\t\t\t\t\t\t\t<h3 class=\"elementor-icon-box-title\">\n\t\t\t\t\t\t<span  >\n\t\t\t\t\t\t\tMail\t\t\t\t\t\t<\/span>\n\t\t\t\t\t<\/h3>\n\t\t\t\t\n\t\t\t\t\t\t\t\t\t<p class=\"elementor-icon-box-description\">\n\t\t\t\t\t\tinfo@sdp-paris.com\t\t\t\t\t<\/p>\n\t\t\t\t\n\t\t\t<\/div>\n\t\t\t\n\t\t<\/div>\n\t\t\t\t\t\t<\/div>\n\t\t\t\t<\/div>\n\t\t\t\t<div class=\"elementor-element elementor-element-0f8870e elementor-widget__width-initial elementor-widget-mobile__width-initial elementor-position-inline-start elementor-view-default elementor-mobile-position-block-start elementor-widget elementor-widget-icon-box\" data-id=\"0f8870e\" data-element_type=\"widget\" data-e-type=\"widget\" data-widget_type=\"icon-box.default\">\n\t\t\t\t<div class=\"elementor-widget-container\">\n\t\t\t\t\t\t\t<div class=\"elementor-icon-box-wrapper\">\n\n\t\t\t\t\t\t<div class=\"elementor-icon-box-icon\">\n\t\t\t\t<span  class=\"elementor-icon\">\n\t\t\t\t<svg xmlns=\"http:\/\/www.w3.org\/2000\/svg\" width=\"800px\" height=\"800px\" viewBox=\"0 0 1024 1024\" class=\"icon\" fill=\"#000000\"><g id=\"SVGRepo_bgCarrier\" stroke-width=\"0\"><\/g><g id=\"SVGRepo_tracerCarrier\" stroke-linecap=\"round\" stroke-linejoin=\"round\"><\/g><g id=\"SVGRepo_iconCarrier\"><path d=\"M565.370023 772.592126c-57.039628 44.171437-100.880349 6.115667-105.80831 1.507159-8.99688-8.535108-23.163358-8.270946-31.763994 0.660406-8.644664 8.952853-8.381525 23.207385 0.572352 31.852048 15.26613 14.727567 45.315117 32.094709 82.183179 32.09471 25.143552 0 53.43248-8.062073 82.402291-30.499496 9.833395-7.621802 11.636457-21.766778 4.025917-31.599149-7.634089-9.834419-21.800566-11.627242-31.611435-4.015678zM353.90801 534.644248c-18.654167 0-33.788216 15.122786-33.788215 33.788216v45.050954c0 18.664406 15.134049 33.788216 33.788215 33.788216s33.788216-15.12381 33.788216-33.788216v-45.050954c0-18.664406-15.134049-33.788216-33.788216-33.788216zM646.739213 534.644248c-18.654167 0-33.788216 15.122786-33.788216 33.788216v45.050954c0 18.664406 15.134049 33.788216 33.788216 33.788216s33.788216-15.12381 33.788216-33.788216v-45.050954c0-18.664406-15.134049-33.788216-33.788216-33.788216z\" fill=\"#D8B280\"><\/path><path d=\"M871.993985 455.805078c0-191.994881-168.412754-360.407634-360.407635-360.407635s-360.407634 168.412754-360.407634 360.407635c-24.777001 0-45.050954 20.271906-45.050954 45.050954v157.67834c0 24.777001 20.273953 45.050954 45.050954 45.050954h22.525477c24.777001 0 45.050954-20.273953 45.050954-45.050954v-90.101908a23.549362 23.549362 0 0 0 1.231734-0.032765c175.523637-9.523157 298.44619-137.44227 358.872831-217.791671 37.21516 32.154095 136.422481 110.490537 232.969747 125.673732-4.651511 7.084263-7.411906 15.512887-7.411906 24.574272v157.67834c0 10.760011 3.978818 20.536068 10.333051 28.30531-11.008815 82.724815-82.915257 149.847665-214.276673 199.74774-3.798615-14.498216-16.92892-25.323756-32.573888-25.323756h-112.627386c-18.583519 0-33.788216 15.204697-33.788215 33.788216s15.204697 33.788216 33.788215 33.788216h112.627386c12.477067 0 23.304654-6.931704 29.156159-17.058953 140.968532-51.288464 221.16435-122.013343 238.379957-210.670549 4.444686 1.477467 9.10746 2.474731 14.031325 2.47473h22.525477c24.777001 0 45.050954-20.273953 45.050954-45.050954v-157.67834c0.001024-24.779049-20.272929-45.050954-45.04993-45.050954z m-259.483258-199.957637c-10.910522-5.983586-24.615227-1.980194-30.576288 8.941591-1.339242 2.44811-136.912922 245.37719-363.179292 258.517734v-22.450734c0-17.009807-9.66343-31.715872-23.669157-39.378629 0.494537-1.856304 1.14368-3.659366 1.14368-5.672325 0-167.995009 147.361671-315.35668 315.35668-315.35668 160.277985 0 301.446174 134.190411 314.109588 292.405266-89.171197-10.391412-189.215032-91.837394-220.761963-119.358407 9.823156-15.07364 15.430976-25.109764 16.508103-27.081767 5.983586-10.911546 1.97917-24.593726-8.931351-30.566049z\" fill=\"#000000\"><\/path><\/g><\/svg>\t\t\t\t<\/span>\n\t\t\t<\/div>\n\t\t\t\n\t\t\t\t\t\t<div class=\"elementor-icon-box-content\">\n\n\t\t\t\t\t\t\t\t\t<h3 class=\"elementor-icon-box-title\">\n\t\t\t\t\t\t<span  >\n\t\t\t\t\t\t\tNum\u00e9ro de t\u00e9l\u00e9phone\t\t\t\t\t\t<\/span>\n\t\t\t\t\t<\/h3>\n\t\t\t\t\n\t\t\t\t\t\t\t\t\t<p class=\"elementor-icon-box-description\">\n\t\t\t\t\t\t+33 (0) 1 40 29 90 84\t\t\t\t\t<\/p>\n\t\t\t\t\n\t\t\t<\/div>\n\t\t\t\n\t\t<\/div>\n\t\t\t\t\t\t<\/div>\n\t\t\t\t<\/div>\n\t\t\t\t<\/div>\n\t\t\t\t<div class=\"elementor-element elementor-element-8200643 elementor-widget__width-initial elementor-widget elementor-widget-google_maps\" data-id=\"8200643\" data-element_type=\"widget\" data-e-type=\"widget\" data-widget_type=\"google_maps.default\">\n\t\t\t\t<div class=\"elementor-widget-container\">\n\t\t\t\t\t\t\t<div class=\"elementor-custom-embed\">\n\t\t\t<iframe loading=\"lazy\"\n\t\t\t\t\tsrc=\"https:\/\/www.google.com\/maps\/embed\/v1\/place?key=AIzaSyBgrDA-75FNwJeaUTm7dZBWsFQgjfpTT7E&#038;q=Le%20studio%20des%20Parfums%2C%20%2021%20rue%20des%20%C3%89couffes%20Paris%2075004&#038;zoom=12\"\n\t\t\t\t\ttitle=\"Le studio des Parfums,  21 rue des \u00c9couffes Paris 75004\"\n\t\t\t\t\taria-label=\"Le studio des Parfums,  21 rue des \u00c9couffes Paris 75004\"\n\t\t\t><\/iframe>\n\t\t<\/div>\n\t\t\t\t\t\t<\/div>\n\t\t\t\t<\/div>\n\t\t\t\t<\/div>\n\t\t\t\t<\/div>\n\t\t\t\t\t<\/div>\n\t\t\t\t<\/div>\n\t\t<div class=\"elementor-element elementor-element-9db2e8b e-flex e-con-boxed e-con e-parent\" data-id=\"9db2e8b\" data-element_type=\"container\" data-e-type=\"container\">\n\t\t\t\t\t<div class=\"e-con-inner\">\n\t\t<div class=\"elementor-element elementor-element-012d0fb e-con-full e-flex e-con e-child\" data-id=\"012d0fb\" data-element_type=\"container\" data-e-type=\"container\">\n\t\t\t\t<div class=\"elementor-element elementor-element-ca307ea elementor-widget elementor-widget-testimonial\" data-id=\"ca307ea\" data-element_type=\"widget\" data-e-type=\"widget\" data-widget_type=\"testimonial.default\">\n\t\t\t\t<div class=\"elementor-widget-container\">\n\t\t\t\t\t\t\t<div class=\"elementor-testimonial-wrapper\">\n\t\t\t\t\t\t\t<div class=\"elementor-testimonial-content\">\"Le service client est irr\u00e9prochable. L'\u00e9quipe a \u00e9t\u00e9 r\u00e9active et \u00e0 r\u00e9pondu \u00e0 mes attentes !\"<\/div>\n\t\t\t\n\t\t\t\t\t\t<div class=\"elementor-testimonial-meta elementor-has-image elementor-testimonial-image-position-aside\">\n\t\t\t\t<div class=\"elementor-testimonial-meta-inner\">\n\t\t\t\t\t\t\t\t\t\t\t<div class=\"elementor-testimonial-image\">\n\t\t\t\t\t\t\t<img fetchpriority=\"high\" decoding=\"async\" width=\"200\" height=\"300\" src=\"https:\/\/b1hbib.salite.space\/wp-content\/uploads\/2025\/04\/cliente-satisfante-sdp.jpg\" class=\"attachment-full size-full wp-image-871757\" alt=\"\" srcset=\"https:\/\/b1hbib.salite.space\/wp-content\/uploads\/2025\/04\/cliente-satisfante-sdp.jpg 200w, https:\/\/b1hbib.salite.space\/wp-content\/uploads\/2025\/04\/cliente-satisfante-sdp-8x12.jpg 8w\" sizes=\"(max-width: 200px) 100vw, 200px\" \/>\t\t\t\t\t\t<\/div>\n\t\t\t\t\t\n\t\t\t\t\t\t\t\t\t\t<div class=\"elementor-testimonial-details\">\n\t\t\t\t\t\t\t\t\t\t\t\t\t\t<div class=\"elementor-testimonial-name\">Laura DUVAL<\/div>\n\t\t\t\t\t\t\t\t\t\t\t\t\t\t\t\t\t\t\t\t\t\t<div class=\"elementor-testimonial-job\">Membre depuis 2018<\/div>\n\t\t\t\t\t\t\t\t\t\t\t\t\t<\/div>\n\t\t\t\t\t\t\t\t\t<\/div>\n\t\t\t<\/div>\n\t\t\t\t\t<\/div>\n\t\t\t\t\t\t<\/div>\n\t\t\t\t<\/div>\n\t\t\t\t<\/div>\n\t\t\t\t\t<\/div>\n\t\t\t\t<\/div>\n\t\t<div class=\"elementor-element elementor-element-831fd5e e-flex e-con-boxed e-con e-parent\" data-id=\"831fd5e\" data-element_type=\"container\" data-e-type=\"container\">\n\t\t\t\t\t<div class=\"e-con-inner\">\n\t\t<div class=\"elementor-element elementor-element-98aaad4 e-con-full e-flex e-con e-child\" data-id=\"98aaad4\" data-element_type=\"container\" data-e-type=\"container\">\n\t\t\t\t<div class=\"elementor-element elementor-element-ecec01e elementor-widget elementor-widget-html\" data-id=\"ecec01e\" data-element_type=\"widget\" data-e-type=\"widget\" data-widget_type=\"html.default\">\n\t\t\t\t<div class=\"elementor-widget-container\">\n\t\t\t\t\t<script type=\"application\/ld+json\">{\"@context\":\"https:\/\/schema.org\",\"@type\":\"FAQPage\",\"mainEntity\":[{\"@type\":\"Question\",\"name\":\"O\u00f9 \u00eates-vous situ\u00e9 ?\",\"acceptedAnswer\":{\"@type\":\"Answer\",\"text\":\"Notre \u00e9crin de cr\u00e9ation se situe au c\u0153ur de Paris, dans le Marais, au 7 rue des Francs Bourgeois, \u00e0 deux pas de la Place des Vosges.\"}}]}<\/script>\t\t\t\t<\/div>\n\t\t\t\t<\/div>\n\t\t\t\t<\/div>\n\t\t\t\t\t<\/div>\n\t\t\t\t<\/div>\n\t\t\t\t<\/div>\n\t\t","protected":false},"excerpt":{"rendered":"<p>UNE QUESTION ? Notre \u00e9quipe charg\u00e9e en relation client\u00e8le se tient \u00e0 votre dispositionpour r\u00e9pondre \u00e0 toutes vos interrogations. Nous vous r\u00e9pondons entre 24h et 48h. Nom\/pr\u00e9nom E-mail Num\u00e9ro de t\u00e9l\u00e9phone Objet Message J&rsquo;accepte que mes donn\u00e9es personnelles soient trait\u00e9es &#916; Restons en contact ! Notre boutique-atelier 21 rue des \u00c9couffes Paris 75004 M\u00e9tro H\u00f4tel [&hellip;]<\/p>\n","protected":false},"author":5046,"featured_media":0,"parent":0,"menu_order":0,"comment_status":"closed","ping_status":"closed","template":"","meta":{"_acf_changed":false,"_seopress_robots_primary_cat":"","_seopress_titles_title":"Contactez-nous - Le Studio des Parfums","_seopress_titles_desc":"Besoin d&#039;un parfum sur mesure ? Contactez-nous ! Le Studio des Parfums vous guide dans la cr\u00e9ation de fragrances uniques. Lancez-vous d\u00e8s maintenant !","_seopress_robots_index":"","footnotes":""},"class_list":["post-21977","page","type-page","status-publish","hentry"],"acf":[],"_links":{"self":[{"href":"https:\/\/b1hbib.salite.space\/en_us\/wp-json\/wp\/v2\/pages\/21977","targetHints":{"allow":["GET"]}}],"collection":[{"href":"https:\/\/b1hbib.salite.space\/en_us\/wp-json\/wp\/v2\/pages"}],"about":[{"href":"https:\/\/b1hbib.salite.space\/en_us\/wp-json\/wp\/v2\/types\/page"}],"author":[{"embeddable":true,"href":"https:\/\/b1hbib.salite.space\/en_us\/wp-json\/wp\/v2\/users\/5046"}],"replies":[{"embeddable":true,"href":"https:\/\/b1hbib.salite.space\/en_us\/wp-json\/wp\/v2\/comments?post=21977"}],"version-history":[{"count":0,"href":"https:\/\/b1hbib.salite.space\/en_us\/wp-json\/wp\/v2\/pages\/21977\/revisions"}],"wp:attachment":[{"href":"https:\/\/b1hbib.salite.space\/en_us\/wp-json\/wp\/v2\/media?parent=21977"}],"curies":[{"name":"wp","href":"https:\/\/api.w.org\/{rel}","templated":true}]}}