{"id":22019,"date":"2023-06-23T00:05:40","date_gmt":"2023-06-22T22:05:40","guid":{"rendered":"https:\/\/devweb.studiodesparfums-paris.fr\/?page_id=22019"},"modified":"2025-04-23T22:54:51","modified_gmt":"2025-04-23T20:54:51","slug":"evjf-personalized-perfume","status":"publish","type":"page","link":"https:\/\/b1hbib.salite.space\/en_us\/evjf-personalized-perfume\/","title":{"rendered":"Bachelorette Perfume Workshop"},"content":{"rendered":"<div data-elementor-type=\"wp-page\" data-elementor-id=\"22019\" class=\"elementor elementor-22019\" data-elementor-post-type=\"page\">\n\t\t\t\t<div class=\"elementor-element elementor-element-3dec68d e-flex e-con-boxed e-con e-parent\" data-id=\"3dec68d\" data-element_type=\"container\" data-e-type=\"container\">\n\t\t\t\t\t<div class=\"e-con-inner\">\n\t\t<div class=\"elementor-element elementor-element-e3565cc e-con-full e-flex e-con e-child\" data-id=\"e3565cc\" data-element_type=\"container\" data-e-type=\"container\">\n\t\t\t\t<div class=\"elementor-element elementor-element-d3026c1 elementor-widget__width-initial elementor-widget-divider--view-line elementor-widget elementor-widget-divider\" data-id=\"d3026c1\" data-element_type=\"widget\" data-e-type=\"widget\" data-widget_type=\"divider.default\">\n\t\t\t\t<div class=\"elementor-widget-container\">\n\t\t\t\t\t\t\t<div class=\"elementor-divider\">\n\t\t\t<span class=\"elementor-divider-separator\">\n\t\t\t\t\t\t<\/span>\n\t\t<\/div>\n\t\t\t\t\t\t<\/div>\n\t\t\t\t<\/div>\n\t\t\t\t<div class=\"elementor-element elementor-element-ea42cfb elementor-widget__width-initial elementor-widget elementor-widget-heading\" data-id=\"ea42cfb\" data-element_type=\"widget\" data-e-type=\"widget\" data-widget_type=\"heading.default\">\n\t\t\t\t<div class=\"elementor-widget-container\">\n\t\t\t\t\t<h2 class=\"elementor-heading-title elementor-size-default\">Bachelorette Perfume Workshop<\/h2>\t\t\t\t<\/div>\n\t\t\t\t<\/div>\n\t\t\t\t<div class=\"elementor-element elementor-element-e4dc7bb elementor-widget__width-initial elementor-widget-divider--view-line elementor-widget elementor-widget-divider\" data-id=\"e4dc7bb\" data-element_type=\"widget\" data-e-type=\"widget\" data-widget_type=\"divider.default\">\n\t\t\t\t<div class=\"elementor-widget-container\">\n\t\t\t\t\t\t\t<div class=\"elementor-divider\">\n\t\t\t<span class=\"elementor-divider-separator\">\n\t\t\t\t\t\t<\/span>\n\t\t<\/div>\n\t\t\t\t\t\t<\/div>\n\t\t\t\t<\/div>\n\t\t\t\t<\/div>\n\t\t<div class=\"elementor-element elementor-element-d8dd41a e-con-full e-flex e-con e-child\" data-id=\"d8dd41a\" data-element_type=\"container\" data-e-type=\"container\">\n\t\t<div class=\"elementor-element elementor-element-388a720 e-con-full e-flex e-con e-child\" data-id=\"388a720\" data-element_type=\"container\" data-e-type=\"container\">\n\t\t\t\t<div class=\"elementor-element elementor-element-7c75c93 elementor-widget elementor-widget-image\" data-id=\"7c75c93\" data-element_type=\"widget\" data-e-type=\"widget\" data-widget_type=\"image.default\">\n\t\t\t\t<div class=\"elementor-widget-container\">\n\t\t\t\t\t\t\t\t\t\t\t\t<figure class=\"wp-caption\">\n\t\t\t\t\t\t\t\t\t\t<img fetchpriority=\"high\" decoding=\"async\" width=\"426\" height=\"424\" src=\"https:\/\/b1hbib.salite.space\/wp-content\/uploads\/2025\/04\/creation-passion-.png\" class=\"attachment-large size-large wp-image-871818\" alt=\"\" srcset=\"https:\/\/b1hbib.salite.space\/wp-content\/uploads\/2025\/04\/creation-passion-.png 426w, https:\/\/b1hbib.salite.space\/wp-content\/uploads\/2025\/04\/creation-passion--300x300.png 300w, https:\/\/b1hbib.salite.space\/wp-content\/uploads\/2025\/04\/creation-passion--150x150.png 150w, https:\/\/b1hbib.salite.space\/wp-content\/uploads\/2025\/04\/creation-passion--12x12.png 12w, https:\/\/b1hbib.salite.space\/wp-content\/uploads\/2025\/04\/creation-passion--100x100.png 100w\" sizes=\"(max-width: 426px) 100vw, 426px\" \/>\t\t\t\t\t\t\t\t\t\t\t<figcaption class=\"widget-image-caption wp-caption-text\"><\/figcaption>\n\t\t\t\t\t\t\t\t\t\t<\/figure>\n\t\t\t\t\t\t\t\t\t<\/div>\n\t\t\t\t<\/div>\n\t\t\t\t<\/div>\n\t\t<div class=\"elementor-element elementor-element-07dbe88 e-con-full e-flex e-con e-child\" data-id=\"07dbe88\" data-element_type=\"container\" data-e-type=\"container\">\n\t\t\t\t<div class=\"elementor-element elementor-element-6ed9c02 elementor-widget elementor-widget-heading\" data-id=\"6ed9c02\" data-element_type=\"widget\" data-e-type=\"widget\" data-widget_type=\"heading.default\">\n\t\t\t\t<div class=\"elementor-widget-container\">\n\t\t\t\t\t<p class=\"elementor-heading-title elementor-size-default\">\n\u201cEscapade Olfactive\u201d Perfume Workshop \u2013 30ml<\/p>\t\t\t\t<\/div>\n\t\t\t\t<\/div>\n\t\t\t\t<div class=\"elementor-element elementor-element-79ad442 elementor-widget elementor-widget-text-editor\" data-id=\"79ad442\" data-element_type=\"widget\" data-e-type=\"widget\" data-widget_type=\"text-editor.default\">\n\t\t\t\t<div class=\"elementor-widget-container\">\n\t\t\t\t\t\t\t\t\t<p class=\"translation-block\"><b>Offer an unforgettable experience in Paris!<\/b><b><br><\/b><span style=\"font-weight: 400\">Create a unique fragrance during an exclusive workshop \u2014 perfect for a bride-to-be or a special moment shared with loved ones.<\/span><\/p><p><span style=\"font-weight: 400;\">\u00a0<\/span><b>On the agenda:<\/b><\/p><ul><li style=\"font-weight: 400;\" aria-level=\"1\" class=\"translation-block\"><b>Immersion into the world of perfumery<\/b><span style=\"font-weight: 400\">, guided by an expert.<\/span><\/li><li style=\"font-weight: 400;\" aria-level=\"1\"><b>S\u00e9lection de vos notes pr\u00e9f\u00e9r\u00e9es<\/b><span style=\"font-weight: 400;\"> pour composer un parfum qui vous ressemble.<\/span><\/li><li style=\"font-weight: 400;\" aria-level=\"1\" class=\"translation-block\"><b>A personalized 30mL bottle<\/b><span style=\"font-weight: 400\"> as a keepsake of this sensory experience.<\/span><\/li><\/ul><p class=\"translation-block\"><span style=\"font-weight: 400\">\u00a0<\/span><b>An intimate and private setting:<\/b><b><br><\/b><span style=\"font-weight: 400\">Our studios, located in the heart of the Marais, can accommodate up to <\/span><b>8 people per room<\/b><span style=\"font-weight: 400\"> (16 people max).<\/span><\/p><p class=\"translation-block\"><b>Duration: 2h<\/b><span style=\"font-weight: 400\"> \u2013 A moment of conviviality and creativity to share!<\/span><\/p>\t\t\t\t\t\t\t\t<\/div>\n\t\t\t\t<\/div>\n\t\t\t\t<\/div>\n\t\t\t\t<\/div>\n\t\t\t\t\t<\/div>\n\t\t\t\t<\/div>\n\t\t<div class=\"elementor-element elementor-element-c5d593c e-flex e-con-boxed e-con e-parent\" data-id=\"c5d593c\" data-element_type=\"container\" data-e-type=\"container\">\n\t\t\t\t\t<div class=\"e-con-inner\">\n\t\t<div class=\"elementor-element elementor-element-a82cba6 e-con-full e-flex e-con e-child\" data-id=\"a82cba6\" data-element_type=\"container\" data-e-type=\"container\">\n\t\t\t\t<div class=\"elementor-element elementor-element-ea02750 elementor-widget elementor-widget-image-carousel\" data-id=\"ea02750\" data-element_type=\"widget\" data-e-type=\"widget\" data-settings=\"{&quot;slides_to_show&quot;:&quot;3&quot;,&quot;slides_to_scroll&quot;:&quot;1&quot;,&quot;navigation&quot;:&quot;none&quot;,&quot;autoplay_speed&quot;:2000,&quot;autoplay&quot;:&quot;yes&quot;,&quot;pause_on_hover&quot;:&quot;yes&quot;,&quot;pause_on_interaction&quot;:&quot;yes&quot;,&quot;infinite&quot;:&quot;yes&quot;,&quot;speed&quot;:500}\" data-widget_type=\"image-carousel.default\">\n\t\t\t\t<div class=\"elementor-widget-container\">\n\t\t\t\t\t\t\t<div class=\"elementor-image-carousel-wrapper swiper\" role=\"region\" aria-roledescription=\"carousel\" aria-label=\"Carrousel d\u2019images\" dir=\"ltr\">\n\t\t\t<div class=\"elementor-image-carousel swiper-wrapper\" aria-live=\"off\">\n\t\t\t\t\t\t\t\t<div class=\"swiper-slide\" role=\"group\" aria-roledescription=\"slide\" aria-label=\"1 of 6\"><figure class=\"swiper-slide-inner\"><img decoding=\"async\" class=\"swiper-slide-image\" src=\"https:\/\/b1hbib.salite.space\/wp-content\/uploads\/2025\/04\/options-sdp-diplome.jpg\" alt=\"options-sdp-diplome.jpg\" \/><\/figure><\/div><div class=\"swiper-slide\" role=\"group\" aria-roledescription=\"slide\" aria-label=\"2 sur 6\"><figure class=\"swiper-slide-inner\"><img decoding=\"async\" class=\"swiper-slide-image\" src=\"https:\/\/b1hbib.salite.space\/wp-content\/uploads\/2025\/04\/option-sdp-vapos.jpg\" alt=\"option-sdp-vapos.jpg\" \/><\/figure><\/div><div class=\"swiper-slide\" role=\"group\" aria-roledescription=\"slide\" aria-label=\"3 sur 6\"><figure class=\"swiper-slide-inner\"><img decoding=\"async\" class=\"swiper-slide-image\" src=\"https:\/\/b1hbib.salite.space\/wp-content\/uploads\/2025\/04\/option-sdp-ruban.jpg\" alt=\"option-sdp-ruban.jpg\" \/><\/figure><\/div><div class=\"swiper-slide\" role=\"group\" aria-roledescription=\"slide\" aria-label=\"4 sur 6\"><figure class=\"swiper-slide-inner\"><img decoding=\"async\" class=\"swiper-slide-image\" src=\"https:\/\/b1hbib.salite.space\/wp-content\/uploads\/2025\/04\/option-sdp-enveloppe.jpg\" alt=\"option-sdp-enveloppe.jpg\" \/><\/figure><\/div><div class=\"swiper-slide\" role=\"group\" aria-roledescription=\"slide\" aria-label=\"5 sur 6\"><figure class=\"swiper-slide-inner\"><img decoding=\"async\" class=\"swiper-slide-image\" src=\"https:\/\/b1hbib.salite.space\/wp-content\/uploads\/2025\/04\/option-sdp-champagne.jpg\" alt=\"option-sdp-champagne.jpg\" \/><\/figure><\/div><div class=\"swiper-slide\" role=\"group\" aria-roledescription=\"slide\" aria-label=\"6 sur 6\"><figure class=\"swiper-slide-inner\"><img decoding=\"async\" class=\"swiper-slide-image\" src=\"https:\/\/b1hbib.salite.space\/wp-content\/uploads\/2025\/04\/option-sdp-murano.jpg\" alt=\"option-sdp-murano.jpg\" \/><\/figure><\/div>\t\t\t<\/div>\n\t\t\t\t\t\t\t\n\t\t\t\t\t\t\t\t\t<\/div>\n\t\t\t\t\t\t<\/div>\n\t\t\t\t<\/div>\n\t\t\t\t<\/div>\n\t\t<div class=\"elementor-element elementor-element-c65c370 e-con-full e-flex elementor-invisible e-con e-child\" data-id=\"c65c370\" data-element_type=\"container\" data-e-type=\"container\" data-settings=\"{&quot;animation&quot;:&quot;fadeInUp&quot;,&quot;animation_delay&quot;:100}\">\n\t\t\t\t<div class=\"elementor-element elementor-element-fbcba7a elementor-widget elementor-widget-heading\" data-id=\"fbcba7a\" data-element_type=\"widget\" data-e-type=\"widget\" data-widget_type=\"heading.default\">\n\t\t\t\t<div class=\"elementor-widget-container\">\n\t\t\t\t\t<h2 class=\"elementor-heading-title elementor-size-default\">Exclusive options<\/h2>\t\t\t\t<\/div>\n\t\t\t\t<\/div>\n\t\t\t\t<div class=\"elementor-element elementor-element-491044e elementor-widget elementor-widget-text-editor\" data-id=\"491044e\" data-element_type=\"widget\" data-e-type=\"widget\" data-widget_type=\"text-editor.default\">\n\t\t\t\t<div class=\"elementor-widget-container\">\n\t\t\t\t\t\t\t\t\t<p><strong>Le Studio is pleased to offer a glass of champagne (or a soft drink) to the bride-to-be.<\/strong><\/p><p>Enhance your olfactory experience with our other options:\u00a0<\/p><ul><li>A delicate Murano glass bottle (50ml)<\/li><li>A personalised perfume bottle ribbon<\/li><li>Un dipl\u00f4me d&rsquo;apprenti parfumeur<\/li><li>Travel spray (10ml)<\/li><li>Sparkling Flower: glass of champagne (for guests)<\/li><\/ul>\t\t\t\t\t\t\t\t<\/div>\n\t\t\t\t<\/div>\n\t\t\t\t<\/div>\n\t\t\t\t\t<\/div>\n\t\t\t\t<\/div>\n\t\t<div class=\"elementor-element elementor-element-0ca5bc2 e-flex e-con-boxed e-con e-parent\" data-id=\"0ca5bc2\" data-element_type=\"container\" data-e-type=\"container\">\n\t\t\t\t\t<div class=\"e-con-inner\">\n\t\t<div class=\"elementor-element elementor-element-b9ba71c e-con-full e-flex e-con e-child\" data-id=\"b9ba71c\" data-element_type=\"container\" data-e-type=\"container\">\n\t\t\t\t<div class=\"elementor-element elementor-element-e11e5ea elementor-widget__width-initial elementor-widget-divider--view-line elementor-widget elementor-widget-divider\" data-id=\"e11e5ea\" data-element_type=\"widget\" data-e-type=\"widget\" data-widget_type=\"divider.default\">\n\t\t\t\t<div class=\"elementor-widget-container\">\n\t\t\t\t\t\t\t<div class=\"elementor-divider\">\n\t\t\t<span class=\"elementor-divider-separator\">\n\t\t\t\t\t\t<\/span>\n\t\t<\/div>\n\t\t\t\t\t\t<\/div>\n\t\t\t\t<\/div>\n\t\t\t\t<div class=\"elementor-element elementor-element-f7a9255 elementor-widget__width-initial elementor-widget elementor-widget-heading\" data-id=\"f7a9255\" data-element_type=\"widget\" data-e-type=\"widget\" data-widget_type=\"heading.default\">\n\t\t\t\t<div class=\"elementor-widget-container\">\n\t\t\t\t\t<h2 class=\"elementor-heading-title elementor-size-default\">Tell us about your project ! <\/h2>\t\t\t\t<\/div>\n\t\t\t\t<\/div>\n\t\t\t\t<div class=\"elementor-element elementor-element-dcc35f9 elementor-widget__width-initial elementor-widget-divider--view-line elementor-widget elementor-widget-divider\" data-id=\"dcc35f9\" data-element_type=\"widget\" data-e-type=\"widget\" data-widget_type=\"divider.default\">\n\t\t\t\t<div class=\"elementor-widget-container\">\n\t\t\t\t\t\t\t<div class=\"elementor-divider\">\n\t\t\t<span class=\"elementor-divider-separator\">\n\t\t\t\t\t\t<\/span>\n\t\t<\/div>\n\t\t\t\t\t\t<\/div>\n\t\t\t\t<\/div>\n\t\t\t\t<\/div>\n\t\t<div class=\"elementor-element elementor-element-e3eb53f e-con-full e-flex e-con e-child\" data-id=\"e3eb53f\" data-element_type=\"container\" data-e-type=\"container\">\n\t\t\t\t<div class=\"elementor-element elementor-element-959b07a elementor-widget elementor-widget-htcontactform-addons\" data-id=\"959b07a\" data-element_type=\"widget\" data-e-type=\"widget\" data-widget_type=\"htcontactform-addons.default\">\n\t\t\t\t<div class=\"elementor-widget-container\">\n\t\t\t\t\t            <div class=\"htcontact-form-wrapper\" >\n                \n<div class=\"wpcf7 no-js\" id=\"wpcf7-f808096-o1\" lang=\"fr-FR\" dir=\"ltr\" data-wpcf7-id=\"808096\">\n<div class=\"screen-reader-response\"><p role=\"status\" aria-live=\"polite\" aria-atomic=\"true\"><\/p> <ul><\/ul><\/div>\n<form action=\"\/en_us\/wp-json\/wp\/v2\/pages\/22019#wpcf7-f808096-o1\" method=\"post\" class=\"wpcf7-form init\" aria-label=\"Formulaire de contact\" novalidate=\"novalidate\" data-status=\"init\" data-trp-original-action=\"\/en_us\/wp-json\/wp\/v2\/pages\/22019#wpcf7-f808096-o1\">\n<fieldset class=\"hidden-fields-container\"><input type=\"hidden\" name=\"_wpcf7\" value=\"808096\" \/><input type=\"hidden\" name=\"_wpcf7_version\" value=\"6.1.5\" \/><input type=\"hidden\" name=\"_wpcf7_locale\" value=\"fr_FR\" \/><input type=\"hidden\" name=\"_wpcf7_unit_tag\" value=\"wpcf7-f808096-o1\" \/><input type=\"hidden\" name=\"_wpcf7_container_post\" value=\"0\" \/><input type=\"hidden\" name=\"_wpcf7_posted_data_hash\" value=\"\" \/><input type=\"hidden\" name=\"_extcf7_conditional_options\" value=\"{&quot;form_id&quot;:808096,&quot;conditions&quot;:[]}\" \/><input type=\"hidden\" name=\"_extcf7_redirect_options\" value=\"{&quot;form_id&quot;:808096,&quot;redirect_options&quot;:&quot;&quot;}\" \/><input type=\"hidden\" name=\"_wpcf7_recaptcha_response\" value=\"\" \/>\n<\/fieldset>\n<p><label> Name\/Surname<br \/>\n<span class=\"wpcf7-form-control-wrap\" data-name=\"your-name\"><input size=\"40\" maxlength=\"400\" class=\"wpcf7-form-control wpcf7-text wpcf7-validates-as-required\" autocomplete=\"name\" aria-required=\"true\" aria-invalid=\"false\" value=\"\" type=\"text\" name=\"your-name\" \/><\/span> <\/label>\n<\/p>\n<p><label>Type of event desired<br \/>\n<span class=\"wpcf7-form-control-wrap\" data-name=\"menu-382\"><select class=\"wpcf7-form-control wpcf7-select wpcf7-validates-as-required\" aria-required=\"true\" aria-invalid=\"false\" name=\"menu-382\"><option value=\"EVJF\">Bachelorette Perfume Workshop<\/option><option value=\"Anniversaire\">Birthday<\/option><option value=\"F\u00eate\">Party<\/option><option value=\"Autres\">Others<\/option><\/select><\/span><\/label>\n<\/p>\n<p><label>Number of participants required<br \/>\n<span class=\"wpcf7-form-control-wrap\" data-name=\"number-823\"><input class=\"wpcf7-form-control wpcf7-number wpcf7-validates-as-number\" aria-invalid=\"false\" value=\"4\" type=\"number\" name=\"number-823\" \/><\/span><\/label>\n<\/p>\n<p><label>Requested date<br \/>\n<span class=\"wpcf7-form-control-wrap\" data-name=\"date-906\"><input class=\"wpcf7-form-control wpcf7-date wpcf7-validates-as-date\" aria-invalid=\"false\" placeholder=\"01\/01\/2023\" value=\"\" type=\"date\" name=\"date-906\" \/><\/span><\/label>\n<\/p>\n<p><label>Preferred time slot<br \/>\n<span class=\"wpcf7-form-control-wrap\" data-name=\"menu-381\"><select class=\"wpcf7-form-control wpcf7-select\" aria-invalid=\"false\" name=\"menu-381\"><option value=\"Matin\">Morning<\/option><option value=\"Apr\u00e8s-midi\">Afternoon<\/option><\/select><\/span><\/label>\n<\/p>\n<p><label> E-mail<br \/>\n<span class=\"wpcf7-form-control-wrap\" data-name=\"your-email\"><input size=\"40\" maxlength=\"400\" class=\"wpcf7-form-control wpcf7-email wpcf7-validates-as-required wpcf7-text wpcf7-validates-as-email\" autocomplete=\"email\" aria-required=\"true\" aria-invalid=\"false\" value=\"\" type=\"email\" name=\"your-email\" \/><\/span> <\/label>\n<\/p>\n<p><label> Phone Number<br \/>\n<span class=\"wpcf7-form-control-wrap your_intl_tel\"><input class=\"wpcf7-form-control wpcf7-intl_tel wpcf7-intl-tel\" aria-invalid=\"false\" value=\"\" type=\"tel\" name=\"your_intl_tel-cf7it-national\" \/><input name=\"your_intl_tel\" type=\"hidden\" class=\"wpcf7-intl-tel-full\" \/><input type=\"hidden\" name=\"your_intl_tel-cf7it-country-name\" class=\"wpcf7-intl-tel-country-name\" \/><input type=\"hidden\" name=\"your_intl_tel-cf7it-country-code\" class=\"wpcf7-intl-tel-country-code\" \/><input type=\"hidden\" name=\"your_intl_tel-cf7it-country-iso2\" class=\"wpcf7-intl-tel-country-iso2\" \/><\/span> <\/label>\n<\/p>\n<p><label> Message<br \/>\n<span class=\"wpcf7-form-control-wrap\" data-name=\"your-message\"><textarea cols=\"40\" rows=\"10\" maxlength=\"2000\" class=\"wpcf7-form-control wpcf7-textarea wpcf7-validates-as-required\" aria-required=\"true\" aria-invalid=\"false\" name=\"your-message\"><\/textarea><\/span> <\/label>\n<\/p>\n<p><label><span class=\"wpcf7-form-control-wrap\" data-name=\"acceptance-872\"><span class=\"wpcf7-form-control wpcf7-acceptance\"><span class=\"wpcf7-list-item\"><label><input type=\"checkbox\" name=\"acceptance-872\" value=\"1\" aria-invalid=\"false\" \/><span class=\"wpcf7-list-item-label\">I agree to my personal data being processed<\/span><\/label><\/span><\/span><\/span><\/label>\n<\/p>\n<p><input class=\"wpcf7-form-control wpcf7-submit has-spinner\" type=\"submit\" value=\"Submit\" \/>\n<\/p><div class=\"wpcf7-response-output\" aria-hidden=\"true\"><\/div>\n<input type=\"hidden\" name=\"trp-form-language\" value=\"en_us\"\/><\/form>\n<\/div>\n            <\/div>\n\n        \t\t\t\t<\/div>\n\t\t\t\t<\/div>\n\t\t\t\t<\/div>\n\t\t\t\t\t<\/div>\n\t\t\t\t<\/div>\n\t\t\t\t<\/div>","protected":false},"excerpt":{"rendered":"<p>EVJF Atelier parfum \u00ab\u00a0Escapade olfactive\u00a0\u00bb 30ml Offrez une exp\u00e9rience inoubliable \u00e0 Paris !Cr\u00e9ez un parfum unique lors d\u2019un atelier exclusif, parfait pour une future mari\u00e9e ou un moment partag\u00e9 entre proches. \u00a0Au programme : Immersion dans l\u2019univers de la parfumerie, guid\u00e9e par un expert. S\u00e9lection de vos notes pr\u00e9f\u00e9r\u00e9es pour composer un parfum qui vous [&hellip;]<\/p>\n","protected":false},"author":5046,"featured_media":0,"parent":0,"menu_order":0,"comment_status":"closed","ping_status":"closed","template":"","meta":{"_acf_changed":false,"_seopress_robots_primary_cat":"","_seopress_titles_title":"Enterrement de vie de jeunes filles - Le Studio des Parfums","_seopress_titles_desc":"Offrez une exp\u00e9rience inoubliable pour un enterrement de vie de jeune fille avec nos parfums personnalis\u00e9s. Le cadeau id\u00e9al pour vivre une exp\u00e9rience unique.","_seopress_robots_index":"","footnotes":""},"class_list":["post-22019","page","type-page","status-publish","hentry"],"acf":[],"_links":{"self":[{"href":"https:\/\/b1hbib.salite.space\/en_us\/wp-json\/wp\/v2\/pages\/22019","targetHints":{"allow":["GET"]}}],"collection":[{"href":"https:\/\/b1hbib.salite.space\/en_us\/wp-json\/wp\/v2\/pages"}],"about":[{"href":"https:\/\/b1hbib.salite.space\/en_us\/wp-json\/wp\/v2\/types\/page"}],"author":[{"embeddable":true,"href":"https:\/\/b1hbib.salite.space\/en_us\/wp-json\/wp\/v2\/users\/5046"}],"replies":[{"embeddable":true,"href":"https:\/\/b1hbib.salite.space\/en_us\/wp-json\/wp\/v2\/comments?post=22019"}],"version-history":[{"count":0,"href":"https:\/\/b1hbib.salite.space\/en_us\/wp-json\/wp\/v2\/pages\/22019\/revisions"}],"wp:attachment":[{"href":"https:\/\/b1hbib.salite.space\/en_us\/wp-json\/wp\/v2\/media?parent=22019"}],"curies":[{"name":"wp","href":"https:\/\/api.w.org\/{rel}","templated":true}]}}