{"id":22573,"date":"2023-06-26T16:32:15","date_gmt":"2023-06-26T14:32:15","guid":{"rendered":"https:\/\/devweb.studiodesparfums-paris.fr\/?page_id=22573"},"modified":"2025-04-23T21:52:43","modified_gmt":"2025-04-23T19:52:43","slug":"careers","status":"publish","type":"page","link":"https:\/\/b1hbib.salite.space\/en_us\/careers\/","title":{"rendered":"Careers"},"content":{"rendered":"<div data-elementor-type=\"wp-page\" data-elementor-id=\"22573\" class=\"elementor elementor-22573\" data-elementor-post-type=\"page\">\n\t\t\t\t<div class=\"elementor-element elementor-element-161a022 e-flex e-con-boxed e-con e-parent\" data-id=\"161a022\" data-element_type=\"container\" data-e-type=\"container\">\n\t\t\t\t\t<div class=\"e-con-inner\">\n\t\t<div class=\"elementor-element elementor-element-2ca2e4a e-con-full e-flex e-con e-child\" data-id=\"2ca2e4a\" data-element_type=\"container\" data-e-type=\"container\">\n\t\t\t\t<div class=\"elementor-element elementor-element-8f37216 elementor-widget__width-initial elementor-widget-divider--view-line elementor-widget elementor-widget-divider\" data-id=\"8f37216\" data-element_type=\"widget\" data-e-type=\"widget\" data-widget_type=\"divider.default\">\n\t\t\t\t<div class=\"elementor-widget-container\">\n\t\t\t\t\t\t\t<div class=\"elementor-divider\">\n\t\t\t<span class=\"elementor-divider-separator\">\n\t\t\t\t\t\t<\/span>\n\t\t<\/div>\n\t\t\t\t\t\t<\/div>\n\t\t\t\t<\/div>\n\t\t\t\t<div class=\"elementor-element elementor-element-4ee805d elementor-widget__width-initial elementor-widget elementor-widget-heading\" data-id=\"4ee805d\" data-element_type=\"widget\" data-e-type=\"widget\" data-widget_type=\"heading.default\">\n\t\t\t\t<div class=\"elementor-widget-container\">\n\t\t\t\t\t<h2 class=\"elementor-heading-title elementor-size-default\">Embark on an Adventure at the Studio des Parfums! <\/h2>\t\t\t\t<\/div>\n\t\t\t\t<\/div>\n\t\t\t\t<div class=\"elementor-element elementor-element-a4c35cc elementor-widget__width-initial elementor-widget-divider--view-line elementor-widget elementor-widget-divider\" data-id=\"a4c35cc\" data-element_type=\"widget\" data-e-type=\"widget\" data-widget_type=\"divider.default\">\n\t\t\t\t<div class=\"elementor-widget-container\">\n\t\t\t\t\t\t\t<div class=\"elementor-divider\">\n\t\t\t<span class=\"elementor-divider-separator\">\n\t\t\t\t\t\t<\/span>\n\t\t<\/div>\n\t\t\t\t\t\t<\/div>\n\t\t\t\t<\/div>\n\t\t\t\t<\/div>\n\t\t\t\t<div class=\"elementor-element elementor-element-069045d elementor-widget elementor-widget-text-editor\" data-id=\"069045d\" data-element_type=\"widget\" data-e-type=\"widget\" data-widget_type=\"text-editor.default\">\n\t\t\t\t<div class=\"elementor-widget-container\">\n\t\t\t\t\t\t\t\t\t<p><span style=\"font-weight: 400;\">Are you ready to become part of the Studio des Parfums team and play a vital role in shaping a company with a truly unique concept?  Join us in our exciting journey and contribute to the growth and success of a luxurious Perfume Company!\"<\/span><\/p>\t\t\t\t\t\t\t\t<\/div>\n\t\t\t\t<\/div>\n\t\t\t\t\t<\/div>\n\t\t\t\t<\/div>\n\t\t<div class=\"elementor-element elementor-element-1123e44 e-flex e-con-boxed e-con e-parent\" data-id=\"1123e44\" data-element_type=\"container\" data-e-type=\"container\">\n\t\t\t\t\t<div class=\"e-con-inner\">\n\t\t<div class=\"elementor-element elementor-element-77dea0a e-con-full e-flex e-con e-child\" data-id=\"77dea0a\" data-element_type=\"container\" data-e-type=\"container\">\n\t\t<div class=\"elementor-element elementor-element-c6a12d4 e-con-full e-flex e-con e-child\" data-id=\"c6a12d4\" data-element_type=\"container\" data-e-type=\"container\">\n\t\t<div class=\"elementor-element elementor-element-7d98d99 e-con-full e-flex e-con e-child\" data-id=\"7d98d99\" data-element_type=\"container\" data-e-type=\"container\">\n\t\t\t\t<div class=\"elementor-element elementor-element-c84732e elementor-widget-divider--view-line elementor-widget elementor-widget-divider\" data-id=\"c84732e\" data-element_type=\"widget\" data-e-type=\"widget\" data-widget_type=\"divider.default\">\n\t\t\t\t<div class=\"elementor-widget-container\">\n\t\t\t\t\t\t\t<div class=\"elementor-divider\">\n\t\t\t<span class=\"elementor-divider-separator\">\n\t\t\t\t\t\t<\/span>\n\t\t<\/div>\n\t\t\t\t\t\t<\/div>\n\t\t\t\t<\/div>\n\t\t\t\t<div class=\"elementor-element elementor-element-b425a80 elementor-widget__width-initial elementor-widget elementor-widget-heading\" data-id=\"b425a80\" data-element_type=\"widget\" data-e-type=\"widget\" data-widget_type=\"heading.default\">\n\t\t\t\t<div class=\"elementor-widget-container\">\n\t\t\t\t\t<h2 class=\"elementor-heading-title elementor-size-default\">Exchange and Creativity: at the Heart of Le Studio des Parfums\u2019 Process<\/h2>\t\t\t\t<\/div>\n\t\t\t\t<\/div>\n\t\t\t\t<div class=\"elementor-element elementor-element-a42d2db elementor-widget-divider--view-line elementor-widget elementor-widget-divider\" data-id=\"a42d2db\" data-element_type=\"widget\" data-e-type=\"widget\" data-widget_type=\"divider.default\">\n\t\t\t\t<div class=\"elementor-widget-container\">\n\t\t\t\t\t\t\t<div class=\"elementor-divider\">\n\t\t\t<span class=\"elementor-divider-separator\">\n\t\t\t\t\t\t<\/span>\n\t\t<\/div>\n\t\t\t\t\t\t<\/div>\n\t\t\t\t<\/div>\n\t\t\t\t<\/div>\n\t\t\t\t<\/div>\n\t\t\t\t<div class=\"elementor-element elementor-element-b4a71f4 elementor-widget elementor-widget-text-editor\" data-id=\"b4a71f4\" data-element_type=\"widget\" data-e-type=\"widget\" data-widget_type=\"text-editor.default\">\n\t\t\t\t<div class=\"elementor-widget-container\">\n\t\t\t\t\t\t\t\t\t<p><span style=\"font-weight: 400;\">Joining the Studio des Parfums team guarantees both experience and fulfilment. We are dedicated to attracting diverse, ambitious, and creative individuals, open to international collaboration and deeply passionate about the world of perfumery.<\/span><\/p><p><span style=\"font-weight: 400;\">Embracing the values of the Studio des Parfums, including exchange, creativity, and sharing, you'll witness the inner workings of a thriving, evolving company.<\/span><\/p>\t\t\t\t\t\t\t\t<\/div>\n\t\t\t\t<\/div>\n\t\t<div class=\"elementor-element elementor-element-5d28e69 e-con-full e-flex e-con e-child\" data-id=\"5d28e69\" data-element_type=\"container\" data-e-type=\"container\">\n\t\t\t\t<div class=\"elementor-element elementor-element-3d501fa elementor-widget__width-initial elementor-position-top elementor-widget elementor-widget-image-box\" data-id=\"3d501fa\" data-element_type=\"widget\" data-e-type=\"widget\" data-widget_type=\"image-box.default\">\n\t\t\t\t<div class=\"elementor-widget-container\">\n\t\t\t\t\t<div class=\"elementor-image-box-wrapper\"><figure class=\"elementor-image-box-img\"><img fetchpriority=\"high\" decoding=\"async\" width=\"1015\" height=\"1015\" src=\"https:\/\/b1hbib.salite.space\/wp-content\/uploads\/2025\/04\/picto-accomplissement-sdp.png\" class=\"attachment-full size-full wp-image-871750\" alt=\"\" srcset=\"https:\/\/b1hbib.salite.space\/wp-content\/uploads\/2025\/04\/picto-accomplissement-sdp.png 1015w, https:\/\/b1hbib.salite.space\/wp-content\/uploads\/2025\/04\/picto-accomplissement-sdp-300x300.png 300w, https:\/\/b1hbib.salite.space\/wp-content\/uploads\/2025\/04\/picto-accomplissement-sdp-150x150.png 150w, https:\/\/b1hbib.salite.space\/wp-content\/uploads\/2025\/04\/picto-accomplissement-sdp-768x768.png 768w, https:\/\/b1hbib.salite.space\/wp-content\/uploads\/2025\/04\/picto-accomplissement-sdp-12x12.png 12w, https:\/\/b1hbib.salite.space\/wp-content\/uploads\/2025\/04\/picto-accomplissement-sdp-600x600.png 600w, https:\/\/b1hbib.salite.space\/wp-content\/uploads\/2025\/04\/picto-accomplissement-sdp-100x100.png 100w\" sizes=\"(max-width: 1015px) 100vw, 1015px\" \/><\/figure><div class=\"elementor-image-box-content\"><p class=\"elementor-image-box-title\">Accomplishment<\/p><\/div><\/div>\t\t\t\t<\/div>\n\t\t\t\t<\/div>\n\t\t\t\t<div class=\"elementor-element elementor-element-7389442 elementor-widget__width-initial elementor-position-top elementor-widget elementor-widget-image-box\" data-id=\"7389442\" data-element_type=\"widget\" data-e-type=\"widget\" data-widget_type=\"image-box.default\">\n\t\t\t\t<div class=\"elementor-widget-container\">\n\t\t\t\t\t<div class=\"elementor-image-box-wrapper\"><figure class=\"elementor-image-box-img\"><img decoding=\"async\" width=\"150\" height=\"150\" src=\"https:\/\/b1hbib.salite.space\/wp-content\/uploads\/2025\/04\/picto-epanouissement-sdp-150x150.png\" class=\"attachment-thumbnail size-thumbnail wp-image-871751\" alt=\"\" srcset=\"https:\/\/b1hbib.salite.space\/wp-content\/uploads\/2025\/04\/picto-epanouissement-sdp-150x150.png 150w, https:\/\/b1hbib.salite.space\/wp-content\/uploads\/2025\/04\/picto-epanouissement-sdp-300x300.png 300w, https:\/\/b1hbib.salite.space\/wp-content\/uploads\/2025\/04\/picto-epanouissement-sdp-768x768.png 768w, https:\/\/b1hbib.salite.space\/wp-content\/uploads\/2025\/04\/picto-epanouissement-sdp-12x12.png 12w, https:\/\/b1hbib.salite.space\/wp-content\/uploads\/2025\/04\/picto-epanouissement-sdp-600x600.png 600w, https:\/\/b1hbib.salite.space\/wp-content\/uploads\/2025\/04\/picto-epanouissement-sdp-100x100.png 100w, https:\/\/b1hbib.salite.space\/wp-content\/uploads\/2025\/04\/picto-epanouissement-sdp.png 1015w\" sizes=\"(max-width: 150px) 100vw, 150px\" \/><\/figure><div class=\"elementor-image-box-content\"><p class=\"elementor-image-box-title\">Fulfillment<\/p><\/div><\/div>\t\t\t\t<\/div>\n\t\t\t\t<\/div>\n\t\t\t\t<div class=\"elementor-element elementor-element-7525747 elementor-widget__width-initial elementor-position-top elementor-widget elementor-widget-image-box\" data-id=\"7525747\" data-element_type=\"widget\" data-e-type=\"widget\" data-widget_type=\"image-box.default\">\n\t\t\t\t<div class=\"elementor-widget-container\">\n\t\t\t\t\t<div class=\"elementor-image-box-wrapper\"><figure class=\"elementor-image-box-img\"><img decoding=\"async\" width=\"1015\" height=\"1015\" src=\"https:\/\/b1hbib.salite.space\/wp-content\/uploads\/2025\/04\/picto-decouverte-sdp.png\" class=\"attachment-full size-full wp-image-871752\" alt=\"\" srcset=\"https:\/\/b1hbib.salite.space\/wp-content\/uploads\/2025\/04\/picto-decouverte-sdp.png 1015w, https:\/\/b1hbib.salite.space\/wp-content\/uploads\/2025\/04\/picto-decouverte-sdp-300x300.png 300w, https:\/\/b1hbib.salite.space\/wp-content\/uploads\/2025\/04\/picto-decouverte-sdp-150x150.png 150w, https:\/\/b1hbib.salite.space\/wp-content\/uploads\/2025\/04\/picto-decouverte-sdp-768x768.png 768w, https:\/\/b1hbib.salite.space\/wp-content\/uploads\/2025\/04\/picto-decouverte-sdp-12x12.png 12w, https:\/\/b1hbib.salite.space\/wp-content\/uploads\/2025\/04\/picto-decouverte-sdp-600x600.png 600w, https:\/\/b1hbib.salite.space\/wp-content\/uploads\/2025\/04\/picto-decouverte-sdp-100x100.png 100w\" sizes=\"(max-width: 1015px) 100vw, 1015px\" \/><\/figure><div class=\"elementor-image-box-content\"><p class=\"elementor-image-box-title\">Discovery<\/p><\/div><\/div>\t\t\t\t<\/div>\n\t\t\t\t<\/div>\n\t\t\t\t<\/div>\n\t\t\t\t<\/div>\n\t\t<div class=\"elementor-element elementor-element-72e59ee e-con-full e-flex e-con e-child\" data-id=\"72e59ee\" data-element_type=\"container\" data-e-type=\"container\">\n\t\t\t\t<div class=\"elementor-element elementor-element-9159672 elementor-widget elementor-widget-image\" data-id=\"9159672\" data-element_type=\"widget\" data-e-type=\"widget\" data-widget_type=\"image.default\">\n\t\t\t\t<div class=\"elementor-widget-container\">\n\t\t\t\t\t\t\t\t\t\t\t\t\t\t\t<img decoding=\"async\" src=\"https:\/\/b1hbib.salite.space\/wp-content\/uploads\/elementor\/thumbs\/paris-parfum-patrice-dana-15-1030x687-1-r6x0xe5vxqm6h0f7oa2xxg5cu3044wv636q1fph05c.jpg\" title=\"paris-parfum-patrice-dana-15-1030&#215;687-1.jpg\" alt=\"paris-parfum-patrice-dana-15-1030x687-1.jpg\" loading=\"lazy\" \/>\t\t\t\t\t\t\t\t\t\t\t\t\t\t\t<\/div>\n\t\t\t\t<\/div>\n\t\t\t\t<\/div>\n\t\t\t\t\t<\/div>\n\t\t\t\t<\/div>\n\t\t<div class=\"elementor-element elementor-element-bfaaf91 e-flex e-con-boxed e-con e-parent\" data-id=\"bfaaf91\" data-element_type=\"container\" data-e-type=\"container\">\n\t\t\t\t\t<div class=\"e-con-inner\">\n\t\t<div class=\"elementor-element elementor-element-fadfbdc e-con-full e-flex e-con e-child\" data-id=\"fadfbdc\" data-element_type=\"container\" data-e-type=\"container\">\n\t\t\t\t<div class=\"elementor-element elementor-element-1bdf08b elementor-widget-divider--view-line elementor-widget elementor-widget-divider\" data-id=\"1bdf08b\" data-element_type=\"widget\" data-e-type=\"widget\" data-widget_type=\"divider.default\">\n\t\t\t\t<div class=\"elementor-widget-container\">\n\t\t\t\t\t\t\t<div class=\"elementor-divider\">\n\t\t\t<span class=\"elementor-divider-separator\">\n\t\t\t\t\t\t<\/span>\n\t\t<\/div>\n\t\t\t\t\t\t<\/div>\n\t\t\t\t<\/div>\n\t\t\t\t<div class=\"elementor-element elementor-element-1572b5e elementor-widget__width-initial elementor-widget elementor-widget-heading\" data-id=\"1572b5e\" data-element_type=\"widget\" data-e-type=\"widget\" data-widget_type=\"heading.default\">\n\t\t\t\t<div class=\"elementor-widget-container\">\n\t\t\t\t\t<h2 class=\"elementor-heading-title elementor-size-default\">Ready?<\/h2>\t\t\t\t<\/div>\n\t\t\t\t<\/div>\n\t\t\t\t<div class=\"elementor-element elementor-element-d68f1ba elementor-widget-divider--view-line elementor-widget elementor-widget-divider\" data-id=\"d68f1ba\" data-element_type=\"widget\" data-e-type=\"widget\" data-widget_type=\"divider.default\">\n\t\t\t\t<div class=\"elementor-widget-container\">\n\t\t\t\t\t\t\t<div class=\"elementor-divider\">\n\t\t\t<span class=\"elementor-divider-separator\">\n\t\t\t\t\t\t<\/span>\n\t\t<\/div>\n\t\t\t\t\t\t<\/div>\n\t\t\t\t<\/div>\n\t\t\t\t<\/div>\n\t\t\t\t<div class=\"elementor-element elementor-element-5f2a24d elementor-widget elementor-widget-text-editor\" data-id=\"5f2a24d\" data-element_type=\"widget\" data-e-type=\"widget\" data-widget_type=\"text-editor.default\">\n\t\t\t\t<div class=\"elementor-widget-container\">\n\t\t\t\t\t\t\t\t\t<p><span style=\"font-weight: 400;\">Feel free to submit an unsolicited application by filling out the form below or send an email directly to: <\/span><span style=\"color: #d8b280;\"><a style=\"color: #d8b280;\" href=\"mailto:staff@sdp-paris.com\"><b>staff@sdp-paris.com<\/b><\/a><b>\u00a0<\/b><\/span><\/p>\t\t\t\t\t\t\t\t<\/div>\n\t\t\t\t<\/div>\n\t\t<div class=\"elementor-element elementor-element-6d6549c e-con-full e-flex e-con e-child\" data-id=\"6d6549c\" data-element_type=\"container\" data-e-type=\"container\">\n\t\t\t\t<div class=\"elementor-element elementor-element-2d520c3 elementor-widget elementor-widget-shortcode\" data-id=\"2d520c3\" data-element_type=\"widget\" data-e-type=\"widget\" data-widget_type=\"shortcode.default\">\n\t\t\t\t<div class=\"elementor-widget-container\">\n\t\t\t\t\t\t\t<div class=\"elementor-shortcode\">\n<div class=\"wpcf7 no-js\" id=\"wpcf7-f808111-o1\" lang=\"fr-FR\" dir=\"ltr\" data-wpcf7-id=\"808111\">\n<div class=\"screen-reader-response\"><p role=\"status\" aria-live=\"polite\" aria-atomic=\"true\"><\/p> <ul><\/ul><\/div>\n<form action=\"\/en_us\/wp-json\/wp\/v2\/pages\/22573#wpcf7-f808111-o1\" method=\"post\" class=\"wpcf7-form init\" aria-label=\"Formulaire de contact\" enctype=\"multipart\/form-data\" novalidate=\"novalidate\" data-status=\"init\" data-trp-original-action=\"\/en_us\/wp-json\/wp\/v2\/pages\/22573#wpcf7-f808111-o1\">\n<fieldset class=\"hidden-fields-container\"><input type=\"hidden\" name=\"_wpcf7\" value=\"808111\" \/><input type=\"hidden\" name=\"_wpcf7_version\" value=\"6.1.5\" \/><input type=\"hidden\" name=\"_wpcf7_locale\" value=\"fr_FR\" \/><input type=\"hidden\" name=\"_wpcf7_unit_tag\" value=\"wpcf7-f808111-o1\" \/><input type=\"hidden\" name=\"_wpcf7_container_post\" value=\"0\" \/><input type=\"hidden\" name=\"_wpcf7_posted_data_hash\" value=\"\" \/><input type=\"hidden\" name=\"_extcf7_conditional_options\" value=\"{&quot;form_id&quot;:808111,&quot;conditions&quot;:[]}\" \/><input type=\"hidden\" name=\"_extcf7_redirect_options\" value=\"{&quot;form_id&quot;:808111,&quot;redirect_options&quot;:&quot;&quot;}\" \/><input type=\"hidden\" name=\"_wpcf7_recaptcha_response\" value=\"\" \/>\n<\/fieldset>\n<p><label> Name\/Surname<br \/>\n<span class=\"wpcf7-form-control-wrap\" data-name=\"your-name\"><input size=\"40\" maxlength=\"400\" class=\"wpcf7-form-control wpcf7-text wpcf7-validates-as-required\" autocomplete=\"name\" aria-required=\"true\" aria-invalid=\"false\" value=\"\" type=\"text\" name=\"your-name\" \/><\/span> <\/label>\n<\/p>\n<p><label> E-mail<br \/>\n<span class=\"wpcf7-form-control-wrap\" data-name=\"your-email\"><input size=\"40\" maxlength=\"400\" class=\"wpcf7-form-control wpcf7-email wpcf7-validates-as-required wpcf7-text wpcf7-validates-as-email\" autocomplete=\"email\" aria-required=\"true\" aria-invalid=\"false\" value=\"\" type=\"email\" name=\"your-email\" \/><\/span> <\/label>\n<\/p>\n<p><label> Phone Number<br \/>\n<span class=\"wpcf7-form-control-wrap your_intl_tel\"><input class=\"wpcf7-form-control wpcf7-intl_tel wpcf7-validates-as-required wpcf7-intl-tel\" aria-required=\"true\" aria-invalid=\"false\" value=\"\" type=\"tel\" name=\"your_intl_tel-cf7it-national\" \/><input name=\"your_intl_tel\" type=\"hidden\" class=\"wpcf7-intl-tel-full\" \/><input type=\"hidden\" name=\"your_intl_tel-cf7it-country-name\" class=\"wpcf7-intl-tel-country-name\" \/><input type=\"hidden\" name=\"your_intl_tel-cf7it-country-code\" class=\"wpcf7-intl-tel-country-code\" \/><input type=\"hidden\" name=\"your_intl_tel-cf7it-country-iso2\" class=\"wpcf7-intl-tel-country-iso2\" \/><\/span> <\/label>\n<\/p>\n<p><label> Subject<br \/>\n<span class=\"wpcf7-form-control-wrap\" data-name=\"your-subject\"><input size=\"40\" maxlength=\"400\" class=\"wpcf7-form-control wpcf7-text wpcf7-validates-as-required\" aria-required=\"true\" aria-invalid=\"false\" value=\"\" type=\"text\" name=\"your-subject\" \/><\/span><\/label>\n<\/p>\n<p><label> Message<br \/>\n<span class=\"wpcf7-form-control-wrap\" data-name=\"your-message\"><textarea cols=\"40\" rows=\"10\" maxlength=\"2000\" class=\"wpcf7-form-control wpcf7-textarea wpcf7-validates-as-required\" aria-required=\"true\" aria-invalid=\"false\" name=\"your-message\"><\/textarea><\/span> <\/label>\n<\/p>\n<p><label> Your CV<br \/>\n<span class=\"wpcf7-form-control-wrap\" data-name=\"your_cv\"><input size=\"40\" class=\"wpcf7-form-control wpcf7-file wpcf7-validates-as-required\" accept=\".pdf,.jpeg,.png\" aria-required=\"true\" aria-invalid=\"false\" type=\"file\" name=\"your_cv\" \/><\/span><br \/>\nSupported file formats: PDF, JPEG, PNG<\/label>\n<\/p>\n<p><label> Additional documents<br \/>\n<span class=\"wpcf7-form-control-wrap\" data-name=\"your_docs_add\"><input size=\"40\" class=\"wpcf7-form-control wpcf7-file\" accept=\".zip,.rar,.tar\" aria-invalid=\"false\" type=\"file\" name=\"your_docs_add\" \/><\/span><br \/>\nSupported file formats: RAR, ZIP, TAR<\/label>\n<\/p>\n<p><label><span class=\"wpcf7-form-control-wrap\" data-name=\"acceptance-872\"><span class=\"wpcf7-form-control wpcf7-acceptance\"><span class=\"wpcf7-list-item\"><label><input type=\"checkbox\" name=\"acceptance-872\" value=\"1\" aria-invalid=\"false\" \/><span class=\"wpcf7-list-item-label\">I agree to my personal data being processed<\/span><\/label><\/span><\/span><\/span><\/label>\n<\/p>\n<p><input class=\"wpcf7-form-control wpcf7-submit has-spinner\" type=\"submit\" value=\"Submit\" \/>\n<\/p><div class=\"wpcf7-response-output\" aria-hidden=\"true\"><\/div>\n<input type=\"hidden\" name=\"trp-form-language\" value=\"en_us\"\/><\/form>\n<\/div>\n<\/div>\n\t\t\t\t\t\t<\/div>\n\t\t\t\t<\/div>\n\t\t\t\t<\/div>\n\t\t\t\t\t<\/div>\n\t\t\t\t<\/div>\n\t\t\t\t<\/div>","protected":false},"excerpt":{"rendered":"<p>Envie de tenter l&rsquo;aventure au Studio des Parfums ? Vous souhaitez rejoindre l\u2019\u00e9quipe du Studio des Parfums et participer au d\u00e9veloppement d\u2019une entreprise avec un concept in\u00e9dit ? \u00c9change et cr\u00e9ativit\u00e9: au c\u0153ur du processus du Studio des Parfums Travailler au Studio des Parfums vous apportera exp\u00e9rience et \u00e9panouissement. Nous avons \u00e0 c\u0153ur de recruter [&hellip;]<\/p>\n","protected":false},"author":5046,"featured_media":0,"parent":0,"menu_order":0,"comment_status":"closed","ping_status":"closed","template":"","meta":{"_acf_changed":false,"_seopress_robots_primary_cat":"","_seopress_titles_title":"Travailler chez nous - Le Studio des Parfums","_seopress_titles_desc":"\u00c9largissez les horizons de votre carri\u00e8re et rejoignez Le Studio des Parfums. Vous participerez au d\u00e9veloppement d\u2019une entreprise au concept unique.","_seopress_robots_index":"","footnotes":""},"class_list":["post-22573","page","type-page","status-publish","hentry"],"acf":[],"_links":{"self":[{"href":"https:\/\/b1hbib.salite.space\/en_us\/wp-json\/wp\/v2\/pages\/22573","targetHints":{"allow":["GET"]}}],"collection":[{"href":"https:\/\/b1hbib.salite.space\/en_us\/wp-json\/wp\/v2\/pages"}],"about":[{"href":"https:\/\/b1hbib.salite.space\/en_us\/wp-json\/wp\/v2\/types\/page"}],"author":[{"embeddable":true,"href":"https:\/\/b1hbib.salite.space\/en_us\/wp-json\/wp\/v2\/users\/5046"}],"replies":[{"embeddable":true,"href":"https:\/\/b1hbib.salite.space\/en_us\/wp-json\/wp\/v2\/comments?post=22573"}],"version-history":[{"count":0,"href":"https:\/\/b1hbib.salite.space\/en_us\/wp-json\/wp\/v2\/pages\/22573\/revisions"}],"wp:attachment":[{"href":"https:\/\/b1hbib.salite.space\/en_us\/wp-json\/wp\/v2\/media?parent=22573"}],"curies":[{"name":"wp","href":"https:\/\/api.w.org\/{rel}","templated":true}]}}