{"id":840497,"date":"2024-01-26T10:41:44","date_gmt":"2024-01-26T09:41:44","guid":{"rendered":"https:\/\/b1hbib.salite.space\/?page_id=840497"},"modified":"2026-02-20T14:07:03","modified_gmt":"2026-02-20T13:07:03","slug":"saint-valentines-day","status":"publish","type":"page","link":"https:\/\/b1hbib.salite.space\/en_us\/saint-valentines-day\/","title":{"rendered":"Parfum d&rsquo;Amour"},"content":{"rendered":"<div data-elementor-type=\"wp-page\" data-elementor-id=\"840497\" class=\"elementor elementor-840497\" data-elementor-post-type=\"page\">\n\t\t\t\t<div class=\"elementor-element elementor-element-b4cc978 e-flex e-con-boxed e-con e-parent\" data-id=\"b4cc978\" data-element_type=\"container\" data-e-type=\"container\">\n\t\t\t\t\t<div class=\"e-con-inner\">\n\t\t<div class=\"elementor-element elementor-element-e52fb25 e-con-full e-flex e-con e-child\" data-id=\"e52fb25\" data-element_type=\"container\" data-e-type=\"container\">\n\t\t<div class=\"elementor-element elementor-element-7f689b1 e-con-full e-flex e-con e-child\" data-id=\"7f689b1\" data-element_type=\"container\" data-e-type=\"container\">\n\t\t\t\t<div class=\"elementor-element elementor-element-14e8491 elementor-widget__width-initial elementor-widget-divider--view-line elementor-widget elementor-widget-divider\" data-id=\"14e8491\" data-element_type=\"widget\" data-e-type=\"widget\" data-widget_type=\"divider.default\">\n\t\t\t\t<div class=\"elementor-widget-container\">\n\t\t\t\t\t\t\t<div class=\"elementor-divider\">\n\t\t\t<span class=\"elementor-divider-separator\">\n\t\t\t\t\t\t<\/span>\n\t\t<\/div>\n\t\t\t\t\t\t<\/div>\n\t\t\t\t<\/div>\n\t\t\t\t<div class=\"elementor-element elementor-element-041c692 elementor-widget__width-initial elementor-widget elementor-widget-heading\" data-id=\"041c692\" data-element_type=\"widget\" data-e-type=\"widget\" data-widget_type=\"heading.default\">\n\t\t\t\t<div class=\"elementor-widget-container\">\n\t\t\t\t\t<h2 class=\"elementor-heading-title elementor-size-default\">Parfum d\u2019Amour\n<\/h2>\t\t\t\t<\/div>\n\t\t\t\t<\/div>\n\t\t\t\t<div class=\"elementor-element elementor-element-800b651 elementor-widget__width-initial elementor-widget-divider--view-line elementor-widget elementor-widget-divider\" data-id=\"800b651\" data-element_type=\"widget\" data-e-type=\"widget\" data-widget_type=\"divider.default\">\n\t\t\t\t<div class=\"elementor-widget-container\">\n\t\t\t\t\t\t\t<div class=\"elementor-divider\">\n\t\t\t<span class=\"elementor-divider-separator\">\n\t\t\t\t\t\t<\/span>\n\t\t<\/div>\n\t\t\t\t\t\t<\/div>\n\t\t\t\t<\/div>\n\t\t\t\t<\/div>\n\t\t\t\t<\/div>\n\t\t\t\t\t<\/div>\n\t\t\t\t<\/div>\n\t\t<div class=\"elementor-element elementor-element-2010f74 e-flex e-con-boxed e-con e-parent\" data-id=\"2010f74\" data-element_type=\"container\" data-e-type=\"container\">\n\t\t\t\t\t<div class=\"e-con-inner\">\n\t\t<div class=\"elementor-element elementor-element-e4a9fbb e-con-full e-flex e-con e-child\" data-id=\"e4a9fbb\" data-element_type=\"container\" data-e-type=\"container\">\n\t\t<div class=\"elementor-element elementor-element-9a106c6 e-con-full e-flex e-con e-child\" data-id=\"9a106c6\" data-element_type=\"container\" data-e-type=\"container\">\n\t\t<div class=\"elementor-element elementor-element-10e9494 e-con-full e-flex e-con e-child\" data-id=\"10e9494\" data-element_type=\"container\" data-e-type=\"container\">\n\t\t\t\t<div class=\"elementor-element elementor-element-becd656 elementor-widget-divider--view-line elementor-widget elementor-widget-divider\" data-id=\"becd656\" data-element_type=\"widget\" data-e-type=\"widget\" data-widget_type=\"divider.default\">\n\t\t\t\t<div class=\"elementor-widget-container\">\n\t\t\t\t\t\t\t<div class=\"elementor-divider\">\n\t\t\t<span class=\"elementor-divider-separator\">\n\t\t\t\t\t\t<\/span>\n\t\t<\/div>\n\t\t\t\t\t\t<\/div>\n\t\t\t\t<\/div>\n\t\t\t\t<div class=\"elementor-element elementor-element-08219c5 elementor-widget__width-initial elementor-widget elementor-widget-heading\" data-id=\"08219c5\" data-element_type=\"widget\" data-e-type=\"widget\" data-widget_type=\"heading.default\">\n\t\t\t\t<div class=\"elementor-widget-container\">\n\t\t\t\t\t<h2 class=\"elementor-heading-title elementor-size-default\">Parfum d\u2019amour -The Set<\/h2>\t\t\t\t<\/div>\n\t\t\t\t<\/div>\n\t\t\t\t<div class=\"elementor-element elementor-element-ce5c70d elementor-widget-divider--view-line elementor-widget elementor-widget-divider\" data-id=\"ce5c70d\" data-element_type=\"widget\" data-e-type=\"widget\" data-widget_type=\"divider.default\">\n\t\t\t\t<div class=\"elementor-widget-container\">\n\t\t\t\t\t\t\t<div class=\"elementor-divider\">\n\t\t\t<span class=\"elementor-divider-separator\">\n\t\t\t\t\t\t<\/span>\n\t\t<\/div>\n\t\t\t\t\t\t<\/div>\n\t\t\t\t<\/div>\n\t\t\t\t<\/div>\n\t\t\t\t<\/div>\n\t\t\t\t<div class=\"elementor-element elementor-element-0246b34 elementor-widget elementor-widget-text-editor\" data-id=\"0246b34\" data-element_type=\"widget\" data-e-type=\"widget\" data-widget_type=\"text-editor.default\">\n\t\t\t\t<div class=\"elementor-widget-container\">\n\t\t\t\t\t\t\t\t\t<p class=\"p1\"><strong>170 \u20ac<\/strong><\/p>\t\t\t\t\t\t\t\t<\/div>\n\t\t\t\t<\/div>\n\t\t\t\t<div class=\"elementor-element elementor-element-727158b elementor-widget elementor-widget-text-editor\" data-id=\"727158b\" data-element_type=\"widget\" data-e-type=\"widget\" data-widget_type=\"text-editor.default\">\n\t\t\t\t<div class=\"elementor-widget-container\">\n\t\t\t\t\t\t\t\t\t<p class=\"p1\"><span class=\"s1\">\u201cParfum d'Amour - The Set\u201d opens the doors of a universe where perfume is created, shared and felt.<\/span><\/p><p class=\"p1\"><span class=\"s1\">This unique box contains 36 fragrances, including exclusive Valentine's Day blends, designed to follow moments of intimacy and emotion. Each essence invites you to experiment, to listen to your desires and those of your partner: an encounter. The notes blend, reveal themselves, and balance each other to give rise to unique compositions: yours.<\/span><\/p><p class=\"p1\"><span class=\"s1\">Thanks to the box, it is possible to create up to 6 perfumes, each with a story, a moment, a feeling, an intention.<\/span><\/p><p class=\"p1\"><span class=\"s1\">A refined and immersive experience, where the perfume becomes a link, an intimate creation to live and relive.<\/span><\/p>\t\t\t\t\t\t\t\t<\/div>\n\t\t\t\t<\/div>\n\t\t\t\t<div class=\"elementor-element elementor-element-3b82d09 elementor-align-center elementor-widget-mobile__width-initial elementor-widget elementor-widget-button\" data-id=\"3b82d09\" data-element_type=\"widget\" data-e-type=\"widget\" data-widget_type=\"button.default\">\n\t\t\t\t<div class=\"elementor-widget-container\">\n\t\t\t\t\t\t\t\t\t<div class=\"elementor-button-wrapper\">\n\t\t\t\t\t<a class=\"elementor-button elementor-button-link elementor-size-xs elementor-animation-grow\" href=\"https:\/\/studiodesparfums-paris.fr\/boutique\/parfum-damour-le-coffret\/\">\n\t\t\t\t\t\t<span class=\"elementor-button-content-wrapper\">\n\t\t\t\t\t\t\t\t\t<span class=\"elementor-button-text\">Get my set<\/span>\n\t\t\t\t\t<\/span>\n\t\t\t\t\t<\/a>\n\t\t\t\t<\/div>\n\t\t\t\t\t\t\t\t<\/div>\n\t\t\t\t<\/div>\n\t\t\t\t<\/div>\n\t\t<div class=\"elementor-element elementor-element-5a1cef5 e-con-full e-flex e-con e-child\" data-id=\"5a1cef5\" data-element_type=\"container\" data-e-type=\"container\">\n\t\t\t\t<div class=\"elementor-element elementor-element-6a1dd50 elementor-widget elementor-widget-image\" data-id=\"6a1dd50\" data-element_type=\"widget\" data-e-type=\"widget\" data-widget_type=\"image.default\">\n\t\t\t\t<div class=\"elementor-widget-container\">\n\t\t\t\t\t\t\t\t\t\t\t\t\t\t\t<img decoding=\"async\" src=\"https:\/\/b1hbib.salite.space\/wp-content\/uploads\/2026\/02\/img_7309.jpeg\" title=\"studio de parfum paris\" alt=\"studio-de-parfum-paris\" loading=\"lazy\" \/>\t\t\t\t\t\t\t\t\t\t\t\t\t\t\t<\/div>\n\t\t\t\t<\/div>\n\t\t\t\t<\/div>\n\t\t\t\t\t<\/div>\n\t\t\t\t<\/div>\n\t\t<div class=\"elementor-element elementor-element-ea2e956 e-flex e-con-boxed e-con e-parent\" data-id=\"ea2e956\" data-element_type=\"container\" data-e-type=\"container\">\n\t\t\t\t\t<div class=\"e-con-inner\">\n\t\t<div class=\"elementor-element elementor-element-3d873df e-con-full e-flex e-con e-child\" data-id=\"3d873df\" data-element_type=\"container\" data-e-type=\"container\">\n\t\t<div class=\"elementor-element elementor-element-06b0a69 e-con-full e-flex e-con e-child\" data-id=\"06b0a69\" data-element_type=\"container\" data-e-type=\"container\">\n\t\t<div class=\"elementor-element elementor-element-6b0ff4b e-con-full e-flex e-con e-child\" data-id=\"6b0ff4b\" data-element_type=\"container\" data-e-type=\"container\">\n\t\t\t\t<div class=\"elementor-element elementor-element-0487cd4 elementor-widget-divider--view-line elementor-widget elementor-widget-divider\" data-id=\"0487cd4\" data-element_type=\"widget\" data-e-type=\"widget\" data-widget_type=\"divider.default\">\n\t\t\t\t<div class=\"elementor-widget-container\">\n\t\t\t\t\t\t\t<div class=\"elementor-divider\">\n\t\t\t<span class=\"elementor-divider-separator\">\n\t\t\t\t\t\t<\/span>\n\t\t<\/div>\n\t\t\t\t\t\t<\/div>\n\t\t\t\t<\/div>\n\t\t\t\t<div class=\"elementor-element elementor-element-3195b6d elementor-widget__width-initial elementor-widget elementor-widget-heading\" data-id=\"3195b6d\" data-element_type=\"widget\" data-e-type=\"widget\" data-widget_type=\"heading.default\">\n\t\t\t\t<div class=\"elementor-widget-container\">\n\t\t\t\t\t<h2 class=\"elementor-heading-title elementor-size-default\">Parfum d\u2019amour - The game\n\n<\/h2>\t\t\t\t<\/div>\n\t\t\t\t<\/div>\n\t\t\t\t<div class=\"elementor-element elementor-element-90c9703 elementor-widget-divider--view-line elementor-widget elementor-widget-divider\" data-id=\"90c9703\" data-element_type=\"widget\" data-e-type=\"widget\" data-widget_type=\"divider.default\">\n\t\t\t\t<div class=\"elementor-widget-container\">\n\t\t\t\t\t\t\t<div class=\"elementor-divider\">\n\t\t\t<span class=\"elementor-divider-separator\">\n\t\t\t\t\t\t<\/span>\n\t\t<\/div>\n\t\t\t\t\t\t<\/div>\n\t\t\t\t<\/div>\n\t\t\t\t<\/div>\n\t\t\t\t<\/div>\n\t\t\t\t<div class=\"elementor-element elementor-element-501d29d elementor-widget elementor-widget-text-editor\" data-id=\"501d29d\" data-element_type=\"widget\" data-e-type=\"widget\" data-widget_type=\"text-editor.default\">\n\t\t\t\t<div class=\"elementor-widget-container\">\n\t\t\t\t\t\t\t\t\t<p class=\"p1\"><strong>195\u20ac<br \/><\/strong>Introductory price until February 28 instead of \u20ac240\u00a0<\/p>\t\t\t\t\t\t\t\t<\/div>\n\t\t\t\t<\/div>\n\t\t\t\t<div class=\"elementor-element elementor-element-3f874af elementor-widget elementor-widget-text-editor\" data-id=\"3f874af\" data-element_type=\"widget\" data-e-type=\"widget\" data-widget_type=\"text-editor.default\">\n\t\t\t\t<div class=\"elementor-widget-container\">\n\t\t\t\t\t\t\t\t\t<p class=\"p1\"><span class=\"s1\">In a hushed atmosphere, the cards are arranged with care.<\/span><\/p><p class=\"p1\"><span class=\"s1\">The deck of 36 cards invites you to take time, to dialogue, to listen.<\/span><\/p><p class=\"p1\"><span class=\"s1\">Through three families of head, heart, and background olfactory facets \nthe perfume is built gradually, to the rhythm of responses and exchanges.<\/span><\/p><p class=\"p1\"><span class=\"s1\">The experience can be lived alone or with two.<\/span><\/p><p class=\"p1\"><span class=\"s1\">It opens a space for sharing, where creation becomes a common language.<\/span><\/p><p class=\"p1\"><span class=\"s1\">The composed perfume reflects the moment, the relationship, the shared emotion.<\/span><\/p>\t\t\t\t\t\t\t\t<\/div>\n\t\t\t\t<\/div>\n\t\t\t\t<div class=\"elementor-element elementor-element-947def1 elementor-align-center elementor-widget-mobile__width-initial elementor-widget elementor-widget-button\" data-id=\"947def1\" data-element_type=\"widget\" data-e-type=\"widget\" data-widget_type=\"button.default\">\n\t\t\t\t<div class=\"elementor-widget-container\">\n\t\t\t\t\t\t\t\t\t<div class=\"elementor-button-wrapper\">\n\t\t\t\t\t<a class=\"elementor-button elementor-button-link elementor-size-xs elementor-animation-grow\" href=\"https:\/\/studiodesparfums-paris.fr\/boutique\/parfum-damour-le-jeu\/\">\n\t\t\t\t\t\t<span class=\"elementor-button-content-wrapper\">\n\t\t\t\t\t\t\t\t\t<span class=\"elementor-button-text\">Get the game<\/span>\n\t\t\t\t\t<\/span>\n\t\t\t\t\t<\/a>\n\t\t\t\t<\/div>\n\t\t\t\t\t\t\t\t<\/div>\n\t\t\t\t<\/div>\n\t\t\t\t<\/div>\n\t\t<div class=\"elementor-element elementor-element-30a0f47 e-con-full e-flex e-con e-child\" data-id=\"30a0f47\" data-element_type=\"container\" data-e-type=\"container\">\n\t\t\t\t<div class=\"elementor-element elementor-element-1b879e6 elementor-widget elementor-widget-image\" data-id=\"1b879e6\" data-element_type=\"widget\" data-e-type=\"widget\" data-widget_type=\"image.default\">\n\t\t\t\t<div class=\"elementor-widget-container\">\n\t\t\t\t\t\t\t\t\t\t\t\t\t\t\t<img decoding=\"async\" src=\"https:\/\/b1hbib.salite.space\/wp-content\/uploads\/2026\/02\/img_7310.jpeg\" title=\"studio parfum\" alt=\"studio de parfum\" loading=\"lazy\" \/>\t\t\t\t\t\t\t\t\t\t\t\t\t\t\t<\/div>\n\t\t\t\t<\/div>\n\t\t\t\t<\/div>\n\t\t\t\t\t<\/div>\n\t\t\t\t<\/div>\n\t\t<div class=\"elementor-element elementor-element-103f733 e-flex e-con-boxed e-con e-parent\" data-id=\"103f733\" data-element_type=\"container\" data-e-type=\"container\">\n\t\t\t\t\t<div class=\"e-con-inner\">\n\t\t<div class=\"elementor-element elementor-element-a6828a2 e-con-full e-flex e-con e-child\" data-id=\"a6828a2\" data-element_type=\"container\" data-e-type=\"container\">\n\t\t<div class=\"elementor-element elementor-element-ebbc2c4 e-con-full e-flex e-con e-child\" data-id=\"ebbc2c4\" data-element_type=\"container\" data-e-type=\"container\">\n\t\t<div class=\"elementor-element elementor-element-03c68c7 e-con-full e-flex e-con e-child\" data-id=\"03c68c7\" data-element_type=\"container\" data-e-type=\"container\">\n\t\t\t\t<div class=\"elementor-element elementor-element-128f040 elementor-widget-divider--view-line elementor-widget elementor-widget-divider\" data-id=\"128f040\" data-element_type=\"widget\" data-e-type=\"widget\" data-widget_type=\"divider.default\">\n\t\t\t\t<div class=\"elementor-widget-container\">\n\t\t\t\t\t\t\t<div class=\"elementor-divider\">\n\t\t\t<span class=\"elementor-divider-separator\">\n\t\t\t\t\t\t<\/span>\n\t\t<\/div>\n\t\t\t\t\t\t<\/div>\n\t\t\t\t<\/div>\n\t\t\t\t<div class=\"elementor-element elementor-element-d7b6046 elementor-widget__width-initial elementor-widget elementor-widget-heading\" data-id=\"d7b6046\" data-element_type=\"widget\" data-e-type=\"widget\" data-widget_type=\"heading.default\">\n\t\t\t\t<div class=\"elementor-widget-container\">\n\t\t\t\t\t<h2 class=\"elementor-heading-title elementor-size-default\">Parfum d\u2019amour - Love candle - duo\n<\/h2>\t\t\t\t<\/div>\n\t\t\t\t<\/div>\n\t\t\t\t<div class=\"elementor-element elementor-element-d43c962 elementor-widget-divider--view-line elementor-widget elementor-widget-divider\" data-id=\"d43c962\" data-element_type=\"widget\" data-e-type=\"widget\" data-widget_type=\"divider.default\">\n\t\t\t\t<div class=\"elementor-widget-container\">\n\t\t\t\t\t\t\t<div class=\"elementor-divider\">\n\t\t\t<span class=\"elementor-divider-separator\">\n\t\t\t\t\t\t<\/span>\n\t\t<\/div>\n\t\t\t\t\t\t<\/div>\n\t\t\t\t<\/div>\n\t\t\t\t<\/div>\n\t\t\t\t<\/div>\n\t\t\t\t<div class=\"elementor-element elementor-element-485418a elementor-widget elementor-widget-text-editor\" data-id=\"485418a\" data-element_type=\"widget\" data-e-type=\"widget\" data-widget_type=\"text-editor.default\">\n\t\t\t\t<div class=\"elementor-widget-container\">\n\t\t\t\t\t\t\t\t\t<p class=\"p1\"><strong>36 \u20ac<\/strong><\/p>\t\t\t\t\t\t\t\t<\/div>\n\t\t\t\t<\/div>\n\t\t\t\t<div class=\"elementor-element elementor-element-eb47e6c elementor-widget elementor-widget-text-editor\" data-id=\"eb47e6c\" data-element_type=\"widget\" data-e-type=\"widget\" data-widget_type=\"text-editor.default\">\n\t\t\t\t<div class=\"elementor-widget-container\">\n\t\t\t\t\t\t\t\t\t<p class=\"p1\"><span class=\"s1\">Thought as a silent statement, the love Candle-duo intimacy and sweetness of shared moments.<\/span><\/p><p class=\"p1\"><span class=\"s1\">Presented in delicate cocktail cups, these two candles respond like two hearts in unison, diffusing a light and a warm and enveloping scent.<\/span><\/p><p class=\"p1\"><span class=\"s1\">Their deep and refined hues evoke passion, tenderness and sensuality, while the flame gradually reveals a hushed atmosphere, conducive to confidences and suspended moments.<\/span><\/p><p class=\"p1\"><span class=\"s1\">Lit together, they transform the space into an intimate setting, where time slows down and every detail counts.<\/span><\/p><p class=\"p1\"><span class=\"s1\">A duo thought to sublimate Valentine\u2019s Day, to offer or afford, as a delicate ritual around love and connection. You will be able to choose your scents and compose your duo.<\/span><\/p>\t\t\t\t\t\t\t\t<\/div>\n\t\t\t\t<\/div>\n\t\t\t\t<div class=\"elementor-element elementor-element-ecad4ee elementor-align-center elementor-widget-mobile__width-initial elementor-widget elementor-widget-button\" data-id=\"ecad4ee\" data-element_type=\"widget\" data-e-type=\"widget\" data-widget_type=\"button.default\">\n\t\t\t\t<div class=\"elementor-widget-container\">\n\t\t\t\t\t\t\t\t\t<div class=\"elementor-button-wrapper\">\n\t\t\t\t\t<a class=\"elementor-button elementor-button-link elementor-size-xs elementor-animation-grow\" href=\"https:\/\/studiodesparfums-paris.fr\/boutique\/parfum-damour-love-candle-duo\/\">\n\t\t\t\t\t\t<span class=\"elementor-button-content-wrapper\">\n\t\t\t\t\t\t\t\t\t<span class=\"elementor-button-text\">Order my candles<\/span>\n\t\t\t\t\t<\/span>\n\t\t\t\t\t<\/a>\n\t\t\t\t<\/div>\n\t\t\t\t\t\t\t\t<\/div>\n\t\t\t\t<\/div>\n\t\t\t\t<\/div>\n\t\t<div class=\"elementor-element elementor-element-b35bff8 e-con-full e-flex e-con e-child\" data-id=\"b35bff8\" data-element_type=\"container\" data-e-type=\"container\">\n\t\t\t\t<div class=\"elementor-element elementor-element-1832ba2 elementor-widget elementor-widget-image\" data-id=\"1832ba2\" data-element_type=\"widget\" data-e-type=\"widget\" data-widget_type=\"image.default\">\n\t\t\t\t<div class=\"elementor-widget-container\">\n\t\t\t\t\t\t\t\t\t\t\t\t\t\t\t<img decoding=\"async\" src=\"https:\/\/b1hbib.salite.space\/wp-content\/uploads\/2026\/02\/img_6957.jpg\" title=\"IMG_6957\" alt=\"IMG_6957\" loading=\"lazy\" \/>\t\t\t\t\t\t\t\t\t\t\t\t\t\t\t<\/div>\n\t\t\t\t<\/div>\n\t\t\t\t<\/div>\n\t\t\t\t\t<\/div>\n\t\t\t\t<\/div>\n\t\t\t\t<\/div>","protected":false},"excerpt":{"rendered":"<p>Parfum d\u2019Amour Parfum d\u2019amour &#8211; Le coffret 170 \u20ac \u201cParfum d\u2019Amour &#8211; Le Coffret\u201d ouvre les portes d\u2019un univers o\u00f9 le parfum se cr\u00e9e, se partage et sent et se ressent. Ce coffret unique\u00a0renferme 36 notes olfactives, dont des accords exclusifs Saint-Valentin, sont con\u00e7us pour accompagner les instants de proximit\u00e9 et d\u2019\u00e9motion. Chaque essence invite [&hellip;]<\/p>\n","protected":false},"author":5048,"featured_media":865434,"parent":0,"menu_order":0,"comment_status":"closed","ping_status":"closed","template":"","meta":{"_acf_changed":false,"_seopress_robots_primary_cat":"","_seopress_titles_title":"Cadeau Saint Valentin - Le Studio des Parfums","_seopress_titles_desc":"Que faire pour la Saint Valentin ? Une soir\u00e9e sp\u00e9ciale gr\u00e2ce \u00e0 notre activit\u00e9 Saint Valentin de cr\u00e9ation de parfum sur mesure. Un cadeau pour homme et femme.","_seopress_robots_index":"","footnotes":""},"class_list":["post-840497","page","type-page","status-publish","has-post-thumbnail","hentry"],"acf":[],"_links":{"self":[{"href":"https:\/\/b1hbib.salite.space\/en_us\/wp-json\/wp\/v2\/pages\/840497","targetHints":{"allow":["GET"]}}],"collection":[{"href":"https:\/\/b1hbib.salite.space\/en_us\/wp-json\/wp\/v2\/pages"}],"about":[{"href":"https:\/\/b1hbib.salite.space\/en_us\/wp-json\/wp\/v2\/types\/page"}],"author":[{"embeddable":true,"href":"https:\/\/b1hbib.salite.space\/en_us\/wp-json\/wp\/v2\/users\/5048"}],"replies":[{"embeddable":true,"href":"https:\/\/b1hbib.salite.space\/en_us\/wp-json\/wp\/v2\/comments?post=840497"}],"version-history":[{"count":31,"href":"https:\/\/b1hbib.salite.space\/en_us\/wp-json\/wp\/v2\/pages\/840497\/revisions"}],"predecessor-version":[{"id":921759,"href":"https:\/\/b1hbib.salite.space\/en_us\/wp-json\/wp\/v2\/pages\/840497\/revisions\/921759"}],"wp:featuredmedia":[{"embeddable":true,"href":"https:\/\/b1hbib.salite.space\/en_us\/wp-json\/wp\/v2\/media\/865434"}],"wp:attachment":[{"href":"https:\/\/b1hbib.salite.space\/en_us\/wp-json\/wp\/v2\/media?parent=840497"}],"curies":[{"name":"wp","href":"https:\/\/api.w.org\/{rel}","templated":true}]}}