{"id":805411,"date":"2023-06-30T12:25:18","date_gmt":"2023-06-30T10:25:18","guid":{"rendered":"https:\/\/devweb.studiodesparfums-paris.fr\/?post_type=product&#038;p=805411"},"modified":"2023-12-01T22:01:54","modified_gmt":"2023-12-01T21:01:54","slug":"virtual-workshop","status":"publish","type":"product","link":"https:\/\/b1hbib.salite.space\/en_us\/boutique\/virtual-workshop\/","title":{"rendered":"Online perfume workshop"},"content":{"rendered":"<p>Discover our workshop exclusively carried out online with our perfumer. This 1-hour workshop will enable our perfumer to discover your olfactory profile. This experience takes the form of a discussion. The perfumer will ask you a few questions to find out who you are and create a perfume that reflects your personality. This privileged and unique moment will be an opportunity for you to find out more about the world of perfumery and your own olfactory personality. Following this discussion, 3 samples will be created and sent to you. These can be sent by post or you can pick them up in our boutique in the heart of the Marais. Once you've chosen your favourite sample, we'll produce it in <strong>30mL<\/strong>We will keep your formula, in case you wish to reorder your creation at a later date.<\/p>","protected":false},"excerpt":{"rendered":"<p>Discover your olfactory profile<\/p>\n<p>Le Studio des Parfums vous propose un \u00e9change privil\u00e9gi\u00e9 et intimiste au cours d\u2019une consultation virtuelle priv\u00e9e de 1h avec un de nos parfumeurs experts. Tout au long de cette exp\u00e9rience, le parfumeur tracera votre profil en comprenant vos envies, vos pr\u00e9f\u00e9rences et habitudes, par le biais d\u2019un questionnaire. A l&rsquo;issue de cet \u00e9change, le parfumeur r\u00e9alisera 3 parfums diff\u00e9rents et vous les soumettrons.<\/p>","protected":false},"featured_media":22638,"template":"","meta":{"_acf_changed":false,"_seopress_robots_primary_cat":"none","_seopress_titles_title":"Atelier en ligne avec un expert - Le Studio des Parfums","_seopress_titles_desc":"D\u00e9couvrez notre atelier r\u00e9alis\u00e9 100% \u00e0 distance. Accompagn\u00e9 par un parfumeur, ce dernier identifiera votre profil olfactif. ","_seopress_robots_index":""},"product_brand":[],"product_cat":[74,121],"product_tag":[],"class_list":{"0":"post-805411","1":"product","2":"type-product","3":"status-publish","4":"has-post-thumbnail","6":"product_cat-atelier-en-ligne","7":"product_cat-pour-soi-atelier-en-ligne","9":"first","10":"instock","11":"virtual","12":"sold-individually","13":"taxable","14":"purchasable","15":"product-type-booking"},"booking_location":"","booking_location_type":"","booking_duration":1,"booking_duration_unit":"hour","booking_buffer":0,"booking_cost":105,"booking_resources":[],"acf":[],"wcpa_form_fields":null,"_links":{"self":[{"href":"https:\/\/b1hbib.salite.space\/en_us\/wp-json\/wp\/v2\/product\/805411","targetHints":{"allow":["GET"]}}],"collection":[{"href":"https:\/\/b1hbib.salite.space\/en_us\/wp-json\/wp\/v2\/product"}],"about":[{"href":"https:\/\/b1hbib.salite.space\/en_us\/wp-json\/wp\/v2\/types\/product"}],"version-history":[{"count":0,"href":"https:\/\/b1hbib.salite.space\/en_us\/wp-json\/wp\/v2\/product\/805411\/revisions"}],"wp:featuredmedia":[{"embeddable":true,"href":"https:\/\/b1hbib.salite.space\/en_us\/wp-json\/wp\/v2\/media\/22638"}],"wp:attachment":[{"href":"https:\/\/b1hbib.salite.space\/en_us\/wp-json\/wp\/v2\/media?parent=805411"}],"wp:term":[{"taxonomy":"product_brand","embeddable":true,"href":"https:\/\/b1hbib.salite.space\/en_us\/wp-json\/wp\/v2\/product_brand?post=805411"},{"taxonomy":"product_cat","embeddable":true,"href":"https:\/\/b1hbib.salite.space\/en_us\/wp-json\/wp\/v2\/product_cat?post=805411"},{"taxonomy":"product_tag","embeddable":true,"href":"https:\/\/b1hbib.salite.space\/en_us\/wp-json\/wp\/v2\/product_tag?post=805411"}],"curies":[{"name":"wp","href":"https:\/\/api.w.org\/{rel}","templated":true}]}}