{"id":805455,"date":"2023-06-30T15:28:04","date_gmt":"2023-06-30T13:28:04","guid":{"rendered":"https:\/\/devweb.studiodesparfums-paris.fr\/?post_type=product&#038;p=805455"},"modified":"2024-07-18T13:40:11","modified_gmt":"2024-07-18T11:40:11","slug":"formulation-box-la-rose","status":"publish","type":"product","link":"https:\/\/b1hbib.salite.space\/en_us\/boutique\/formulation-box-la-rose\/","title":{"rendered":"\"La Rose\" Formulation Set"},"content":{"rendered":"<p>You are not in Paris and want to experience the many facets of French Perfumery?<\/p>\n<p>Our formulation team has created just for you a formulation box that will allow you to discover the queen of flowers: The Rose.<\/p>\n<p>You will understand and apprehend the composition of this majestic flower from the finest ingredients of French Haute Parfumerie. Discover the magic of creation, right at home.<\/p>\n<p>You will find the following things in the creation kit:<\/p>\n<ul>\n<li>18 exclusive notes created by our perfumers<\/li>\n<li>6 empty creation bottles<\/li>\n<li>6 customizable labels<\/li>\n<li><a href=\"https:\/\/b1hbib.salite.space\/en_us\/boutique\/travel-spray-of-your-choice\/\">1 travel spray (10ml)<\/a><\/li>\n<li>A blotter<\/li>\n<li>6 creation forms<\/li>\n<\/ul>\n<p>This perfume creation kit provides you with all the elements you need to create a made-to-measure perfume to suit your tastes. Your final fragrance will be poured into the 10ml spray bottle. If you'd like to recommend your perfume in a larger format, you'll find a small note in your box with a discount code, which will give you a 10% discount on all recommendations. So that we can recreate your perfume in a larger format, please send us your completed creation form.<\/p>\n<p>Notre kit est con\u00e7u pour \u00eatre facilement r\u00e9alisable depuis chez vous. N\u00e9anmoins si vous souhaitez \u00eatre accompagn\u00e9(e) par l\u2019un de nos parfumeurs, il vous suffit de cocher l&rsquo;option \u201cAccompagnement en ligne priv\u00e9\u201d ou \u201cAccompagnement en ligne en mini-groupe\u201d. Ces options vous permettent de b\u00e9n\u00e9ficier d\u2019un entretien en vid\u00e9o, avec l\u2019un de nos parfumeurs. Il s\u2019agit d\u2019un moment privil\u00e9gi\u00e9, r\u00e9alis\u00e9 en semaine, o\u00f9 vous serez accompagn\u00e9 par notre expert, \u00e0 distance. Ce dernier vous accompagnera dans le processus cr\u00e9atif de la parfumerie, et vous guidera dans la constitution de votre signature olfactive.<\/p>","protected":false},"excerpt":{"rendered":"<p>Discover our perfume formulation box, entirely dedicated to La Rose.<\/p>\n<p>This exclusive box allows you to enjoy a private experience in your own home.<\/p>\n<p>Slip into the shoes of a perfumer and, with the help of the\u00a0<strong>18 raw materials included<\/strong>, create your own tailor-made perfume with a rose base.<\/p>\n<p>With this formulation kit, you can create a multitude of roses, thanks to the samples provided and your accompanying guide.<\/p>","protected":false},"featured_media":831581,"template":"","meta":{"_acf_changed":false,"_seopress_robots_primary_cat":"none","_seopress_titles_title":"Coffret de formulation - La Rose - Le Studio des Parfums","_seopress_titles_desc":"A la recherche d'une id\u00e9e cadeau de derni\u00e8re minute ? Comblez vos proches gr\u00e2ce \u00e0 notre coffret de cr\u00e9ation La Rose. Votre r\u00e9alisera son parfum depuis chez lui.","_seopress_robots_index":""},"product_brand":[],"product_cat":[76],"product_tag":[],"class_list":{"0":"post-805455","1":"product","2":"type-product","3":"status-publish","4":"has-post-thumbnail","6":"product_cat-coffrets","7":"product_shipping_class-livraison-coffret-la-rose","8":"wcpa_has_options","10":"first","11":"instock","12":"taxable","13":"shipping-taxable","14":"purchasable","15":"product-type-simple"},"booking_location":null,"booking_location_type":null,"booking_duration":null,"booking_duration_unit":null,"booking_buffer":null,"booking_cost":null,"booking_resources":null,"acf":[],"wcpa_form_fields":{"wcpaData":{"product":{"product_price":160,"price_html":"<span class=\"woocommerce-Price-amount amount\"><bdi>160<span class=\"woocommerce-Price-currencySymbol\">&euro;<\/span><\/bdi><\/span>","original_product_price":160,"price_including_tax":160,"price_excluding_tax":133.333333,"product_id":{"parent":805455,"variation":false},"is_variable":false,"stock_status":"instock","stock_quantity":null,"parent_sku":"805455","product_attributes":[],"custom_fields":[],"is_taxable":true,"product_name":"Coffret de formulation La Rose","hasImage":false},"fields":{"sec_069e0b1e9daaf3":{"extra":{"key":"sec_069e0b1e9daaf3","section_id":"sec_069e0b1e9daaf3","name":"D\u00e9faut","status":1,"cl_rule":"show","enableCl":false,"relations":[],"toggle":true,"title_tag":"h3","show_title":false,"showPrice":"default","form_id":808200,"form_rules":{"exclude_from_discount":false,"fee_label":"Fee","disp_hide_options_price":false,"disp_show_section_price":false,"disp_show_field_price":true,"layout_option":"standard","pric_use_as_fee":false,"process_fee_as":"woo_fee"},"layout_option":"standard"},"fields":[[{"type":"radio-group","elementId":"wcpa-radio-group-1689868351900","label":"Options d'ateliers :","enablePrice":true,"priceOptions":"different_for_all","pricingType":"fixed","use_as_fee":true,"name":"radio-group-1689868351900","options_tooltip":true,"enable_product_image":true,"enableClearSelection":true,"cl_rule":"show","col":6,"values":[{"label":"Atelier vid\u00e9o en groupe","value":"Option1","price":"15","pimage":"","pimage_id":"","pthumb":"","tooltip":"Notre kit est con\u00e7u pour \u00eatre facilement r\u00e9alisable seul(e) depuis chez vous. N\u00e9anmoins si vous souhaitez \u00eatre accompagn\u00e9(e) \u00e0 distance, en groupe, par l\u2019un de nos parfumeurs, il vous suffit de cocher cette option. La dur\u00e9e de l'atelier en groupe est de 45 min. ","gt_translate_keys":["label","tooltip"]},{"label":"Atelier vid\u00e9o individuel","value":"Option2","price":"35","pimage":"","pimage_id":"","pthumb":"","tooltip":"Si vous souhaitez opter pour un accompagnement individuel avec un parfumeur, veuillez cocher cette option. La dur\u00e9e de l'atelier privatis\u00e9 est de 1 heure","gt_translate_keys":["label","tooltip"]}],"relations":false,"active":true,"tooltip":"","layOut":"","gt_translate_keys":["label","tooltip"],"price_dependency":false,"cl_dependency":false,"value":""}]]}},"config":{"price_override":"","enable_recaptcha":false,"bind_quantity":false,"quantity_bind_formula":false,"disp_summ_show_option_price":true,"disp_summ_show_product_price":true,"disp_summ_show_total_price":true,"disp_summ_show_fee":false,"disp_summ_show_discount":false,"summary_title":"","options_total_label":"Options Price","total_label":"Total","options_product_label":"Product Price","fee_label":"Fee","discount_label":"Discount","has_price":true,"has_quantity_formula":false},"mc_unit":1,"tax_rate":1,"tax_rate_real":0.2,"discount":{"percentage":0,"fixed":0},"design":{"conf":{"LabelPosition":"above","DescPosition":"above","UploadField":"custom_1","QuantityFieldStyle":"default"},"css":{"LeftLabelWidth":"120px"}},"formulas":[],"lookuptables":[],"clones":false,"cartKey":false}},"_links":{"self":[{"href":"https:\/\/b1hbib.salite.space\/en_us\/wp-json\/wp\/v2\/product\/805455","targetHints":{"allow":["GET"]}}],"collection":[{"href":"https:\/\/b1hbib.salite.space\/en_us\/wp-json\/wp\/v2\/product"}],"about":[{"href":"https:\/\/b1hbib.salite.space\/en_us\/wp-json\/wp\/v2\/types\/product"}],"version-history":[{"count":0,"href":"https:\/\/b1hbib.salite.space\/en_us\/wp-json\/wp\/v2\/product\/805455\/revisions"}],"wp:featuredmedia":[{"embeddable":true,"href":"https:\/\/b1hbib.salite.space\/en_us\/wp-json\/wp\/v2\/media\/831581"}],"wp:attachment":[{"href":"https:\/\/b1hbib.salite.space\/en_us\/wp-json\/wp\/v2\/media?parent=805455"}],"wp:term":[{"taxonomy":"product_brand","embeddable":true,"href":"https:\/\/b1hbib.salite.space\/en_us\/wp-json\/wp\/v2\/product_brand?post=805455"},{"taxonomy":"product_cat","embeddable":true,"href":"https:\/\/b1hbib.salite.space\/en_us\/wp-json\/wp\/v2\/product_cat?post=805455"},{"taxonomy":"product_tag","embeddable":true,"href":"https:\/\/b1hbib.salite.space\/en_us\/wp-json\/wp\/v2\/product_tag?post=805455"}],"curies":[{"name":"wp","href":"https:\/\/api.w.org\/{rel}","templated":true}]}}