{"id":853995,"date":"2024-06-28T12:21:33","date_gmt":"2024-06-28T10:21:33","guid":{"rendered":"https:\/\/b1hbib.salite.space\/?post_type=product&#038;p=853995"},"modified":"2026-02-04T14:54:18","modified_gmt":"2026-02-04T13:54:18","slug":"escapade-olfactive","status":"publish","type":"product","link":"https:\/\/b1hbib.salite.space\/en_us\/boutique\/escapade-olfactive\/","title":{"rendered":"Escapade Olfactive 30ml"},"content":{"rendered":"<div class=\"flex max-w-full flex-col flex-grow\">\n<div class=\"min-h-[20px] text-message flex w-full flex-col items-end gap-2 whitespace-normal break-words [.text-message+&amp;]:mt-5\" dir=\"auto\" data-message-author-role=\"assistant\" data-message-id=\"d16f7b2f-b6de-48ad-8f98-43df965da7ee\">\n<div class=\"flex w-full flex-col gap-1 empty:hidden first:pt-[3px]\">\n<div class=\"markdown prose w-full break-words dark:prose-invert dark\">\n<p>Vivez une\u00a0<b>exp\u00e9rience sensorielle immersive<\/b>\u00a0avec l\u2019atelier\u00a0<b>Escapade Olfactive<\/b>, une cr\u00e9ation parfum sur mesure en\u00a0<b>2 heures<\/b>\u00a0au Studio des Parfums.<\/p>\n<p><b>Au programme :<\/b><b><br \/>\n<\/b>\u2013 D\u00e9couverte des secrets de la parfumerie et des mati\u00e8res premi\u00e8res naturelles.<br \/>\n\u2013 S\u00e9lection et assemblage de vos notes pr\u00e9f\u00e9r\u00e9es : florales, bois\u00e9es, fruit\u00e9es ou \u00e9pic\u00e9es.<br \/>\n\u2013 Accompagnement par un artisan parfumeur pour \u00e9quilibrer votre composition.<br \/>\n\u2013\u00a0<b>Repartez avec un flacon de 30 ml<\/b>\u00a0de votre fragrance exclusive.<\/p>\n<p><b>Un cadeau inoubliable<\/b>\u00a0: offrez cette exp\u00e9rience sous forme de bon cadeau, id\u00e9al pour les passionn\u00e9s de parfums de niche et de luxe.<\/p>\n<p><b>Personnalisez votre signature olfactive et laissez votre empreinte parfum\u00e9e !<\/b><\/p>\n<p>&nbsp;<\/p>\n<\/div>\n<\/div>\n<\/div>\n<\/div>\n","protected":false},"excerpt":{"rendered":"<p><span style=\"font-weight: 400;\">The workshop <strong>\u00ab\u00a0Escapade Olfactive\u00a0\u00bb<\/strong>, a<strong> unique immersion<\/strong> into the world of fragrances and scents, where you can create your own customized perfume. <strong>in small group<\/strong>. Let yourself be guided by a <strong>master perfumer<\/strong> and explore the olfactory pyramid <strong>top notes to base notes<\/strong>. Leave with your own 30 ml bottle, a unique eau de parfum for Valentine's Day that reflects your personality and style, ideal for men or women. An unforgettable olfactory experience to awaken your senses.<\/span><\/p>","protected":false},"featured_media":807409,"template":"","meta":{"_acf_changed":false,"_seopress_robots_primary_cat":"75","_seopress_titles_title":"Atelier Escapade Olfactive - Le Studio des Parfums","_seopress_titles_desc":"Id\u00e9e cadeau Saint-Valentin - Homme - Femme - Cr\u00e9ez votre parfum sur mesure de 30 ml \u00e0 Paris, guid\u00e9 par nos parfumeurs.","_seopress_robots_index":""},"product_brand":[],"product_cat":[75,119],"product_tag":[],"class_list":{"0":"post-853995","1":"product","2":"type-product","3":"status-publish","4":"has-post-thumbnail","6":"product_cat-atelier-en-presentiel","7":"product_cat-pour-soi","8":"wcpa_has_options","10":"first","11":"instock","12":"virtual","13":"sold-individually","14":"taxable","15":"purchasable","16":"product-type-booking"},"booking_location":"","booking_location_type":"","booking_duration":2,"booking_duration_unit":"hour","booking_buffer":0,"booking_cost":115,"booking_resources":[],"acf":[],"wcpa_form_fields":{"wcpaData":{"product":{"product_price":115,"price_html":"From: <span class=\"woocommerce-Price-amount amount\"><bdi>115<span class=\"woocommerce-Price-currencySymbol\">&euro;<\/span><\/bdi><\/span>","original_product_price":115,"price_including_tax":115,"price_excluding_tax":95.833333,"product_id":{"parent":853995,"variation":false},"is_variable":false,"stock_status":"instock","stock_quantity":null,"parent_sku":"805393-3","product_attributes":[],"custom_fields":[],"is_taxable":true,"product_name":"Escapade Olfactive 30ml","hasImage":false},"fields":{"sec_564df86cd586fb":{"extra":{"key":"sec_564df86cd586fb","section_id":"sec_564df86cd586fb","name":"Default","status":1,"cl_rule":"show","enableCl":false,"relations":[],"toggle":true,"title_tag":"h3","show_title":false,"showPrice":"default","form_id":805457,"form_rules":{"exclude_from_discount":false,"fee_label":"Frais","disp_hide_options_price":false,"disp_show_section_price":false,"disp_show_field_price":true,"layout_option":"standard","pric_use_as_fee":false,"process_fee_as":"woo_fee"},"layout_option":"standard"},"fields":[[{"active":true,"col":6,"relations":false,"cl_rule":"show","enableCl":false,"price":"","enablePrice":true,"className":"","label_position":"default","desc_position":"default","type":"checkbox-group","required":false,"elementId":"checkgroup_3674691310","label":"Sublimez votre atelier en choisissant des options exclusives (cliquez ci-dessous) :","name":"checkgroup_3674691310","values":[{"label":"Une coupe de champagne - Sparkling flower","value":"Option - 1","selected":false,"tempId":"aco_1353","price":"12","gt_translate_keys":["label"]},{"label":"Un vaporisateur de voyage au choix","value":"Option - 2","selected":false,"tempId":"aco_1354","price":"10","gt_translate_keys":["label"]},{"label":"Ruban personnalis\u00e9 sur mesure","value":"Option - 4","selected":false,"tempId":"aco_1365","price":"7","gt_translate_keys":["label"]},{"label":"Dipl\u00f4me d'apprenti parfumeur","value":"Option - 5","selected":false,"tempId":"aco_1375","price":"7","gt_translate_keys":["label"]}],"layOut":"","error":false,"checkUi":"","priceOptions":"different_for_all","pricingType":"multiply","use_as_fee":true,"enable_quantity":true,"quantity_label":"","gt_translate_keys":["label","quantity_label"],"price_dependency":false,"cl_dependency":["text_3965545854"],"value":""}],[{"active":true,"col":6,"relations":[{"operator":false,"rules":[{"operator":"AND","rules":{"cl_field":"checkgroup_3674691310","cl_relation":"is","cl_val":"Option - 6"}}]}],"cl_rule":"show","enableCl":true,"price":"","enablePrice":false,"className":"","label_position":"default","desc_position":"default","type":"text","subtype":"text","required":true,"elementId":"text_3965545854","label":"Adresse Postale (Nom\/Pr\u00e9nom, adresse, code postal, ville, pays)","name":"text_3965545854","value":"","error":false,"description":"Exemple: Henri Dupont, 7 rue des francs bourgeois, 75004, Paris, France.","gt_translate_keys":["label","description","value"],"price_dependency":false,"cl_dependency":false}],[{"active":true,"col":6,"relations":false,"cl_rule":"show","enableCl":false,"price":"","enablePrice":false,"className":"","label_position":"default","desc_position":"default","type":"text","subtype":"text","required":false,"elementId":"text_9927890202","label":"Commentaires\/Consignes","name":"text_9927890202","value":"","description":"Fa\u00eetes-nous part de la moindre remarque, notre \u00e9quipe r\u00e9pondra au mieux \u00e0 vos attentes.","error":false,"gt_translate_keys":["label","description","value"],"price_dependency":false,"cl_dependency":false}]]},"sec_564dfa27b59f19":{"extra":{"key":"sec_564dfa27b59f19","section_id":"sec_564dfa27b59f19","name":"Default","status":1,"cl_rule":"show","enableCl":false,"relations":[],"toggle":true,"title_tag":"h3","show_title":false,"showPrice":"default","form_id":808886,"form_rules":{"exclude_from_discount":false,"fee_label":"Frais","disp_hide_options_price":false,"disp_show_section_price":false,"disp_show_field_price":true,"layout_option":"standard","pric_use_as_fee":false,"process_fee_as":"woo_fee"},"layout_option":"standard"},"fields":[[{"type":"checkbox-group","required":true,"elementId":"wcpa-checkbox-group-1689956920155","label":"Conditions particuli\u00e8res","description":"","desc_type":true,"priceOptions":"different_for_all","pricingType":"fixed","name":"checkbox-group-1689956920155","min_options":"1","cl_rule":"show","col":6,"values":[{"label":"Les r\u00e9servations qui ont lieu les week-end et jours f\u00e9ri\u00e9s ne sont ni annulables, ni d\u00e9pla\u00e7ables (sauf justification valable). Les r\u00e9servations ayant lieu en semaine sont, elles, d\u00e9pla\u00e7ables jusqu\u2019\u00e0 48h avant la date de r\u00e9servation.","value":"option-1","price":"","pimage":"","pimage_id":"","pthumb":"","tempId":"aco_2775","gt_translate_keys":["label"]},{"label":"Les retards de plus de 10 minutes ne seront pas accept\u00e9s. Toutefois, si vous nous informez \u00e0 l'avance d'une situation impr\u00e9vue, nous pourrons envisager de reprogrammer votre atelier.","value":"Option - 8","selected":false,"tempId":"aco_2795","gt_translate_keys":["label"]}],"relations":false,"active":true,"tooltip":"Veuillez accepter en cochant cette case","layOut":"","checkUi":"","error":false,"hideFieldIn_cart":true,"hideFieldIn_order":true,"gt_translate_keys":["label","description","tooltip"],"price_dependency":false,"cl_dependency":false,"value":""}]]}},"config":{"price_override":"","enable_recaptcha":false,"bind_quantity":false,"quantity_bind_formula":false,"disp_summ_show_option_price":true,"disp_summ_show_product_price":true,"disp_summ_show_total_price":true,"disp_summ_show_fee":false,"disp_summ_show_discount":false,"summary_title":"","options_total_label":"Prix des options","total_label":"Total","options_product_label":"Prix du produit","fee_label":"Frais","discount_label":"Remise","has_price":true,"has_quantity_formula":false},"mc_unit":1,"tax_rate":1,"tax_rate_real":0.2,"discount":{"percentage":0,"fixed":0},"design":{"conf":{"LabelPosition":"above","DescPosition":"above","UploadField":"custom_1","QuantityFieldStyle":"default"},"css":{"LeftLabelWidth":"120px"}},"formulas":[],"lookuptables":[],"clones":false,"cartKey":false}},"_links":{"self":[{"href":"https:\/\/b1hbib.salite.space\/en_us\/wp-json\/wp\/v2\/product\/853995","targetHints":{"allow":["GET"]}}],"collection":[{"href":"https:\/\/b1hbib.salite.space\/en_us\/wp-json\/wp\/v2\/product"}],"about":[{"href":"https:\/\/b1hbib.salite.space\/en_us\/wp-json\/wp\/v2\/types\/product"}],"version-history":[{"count":1,"href":"https:\/\/b1hbib.salite.space\/en_us\/wp-json\/wp\/v2\/product\/853995\/revisions"}],"predecessor-version":[{"id":919666,"href":"https:\/\/b1hbib.salite.space\/en_us\/wp-json\/wp\/v2\/product\/853995\/revisions\/919666"}],"wp:featuredmedia":[{"embeddable":true,"href":"https:\/\/b1hbib.salite.space\/en_us\/wp-json\/wp\/v2\/media\/807409"}],"wp:attachment":[{"href":"https:\/\/b1hbib.salite.space\/en_us\/wp-json\/wp\/v2\/media?parent=853995"}],"wp:term":[{"taxonomy":"product_brand","embeddable":true,"href":"https:\/\/b1hbib.salite.space\/en_us\/wp-json\/wp\/v2\/product_brand?post=853995"},{"taxonomy":"product_cat","embeddable":true,"href":"https:\/\/b1hbib.salite.space\/en_us\/wp-json\/wp\/v2\/product_cat?post=853995"},{"taxonomy":"product_tag","embeddable":true,"href":"https:\/\/b1hbib.salite.space\/en_us\/wp-json\/wp\/v2\/product_tag?post=853995"}],"curies":[{"name":"wp","href":"https:\/\/api.w.org\/{rel}","templated":true}]}}