{"id":854001,"date":"2024-06-28T14:48:15","date_gmt":"2024-06-28T12:48:15","guid":{"rendered":"https:\/\/b1hbib.salite.space\/?post_type=product&#038;p=854001"},"modified":"2025-04-22T11:36:12","modified_gmt":"2025-04-22T09:36:12","slug":"decouverte-parfumee","status":"publish","type":"product","link":"https:\/\/b1hbib.salite.space\/en_us\/boutique\/decouverte-parfumee\/","title":{"rendered":"D\u00e9couverte parfum\u00e9e 50ml"},"content":{"rendered":"<article class=\"w-full text-token-text-primary focus-visible:outline-2 focus-visible:outline-offset-[-4px]\" dir=\"auto\" data-testid=\"conversation-turn-79\" data-scroll-anchor=\"false\">\n<div class=\"text-base py-[18px] px-3 md:px-4 m-auto w-full md:px-5 lg:px-4 xl:px-5\">\n<div class=\"mx-auto flex flex-1 gap-4 text-base md:gap-5 lg:gap-6 md:max-w-3xl lg:max-w-[40rem] xl:max-w-[48rem]\">\n<div class=\"group\/conversation-turn relative flex w-full min-w-0 flex-col agent-turn\">\n<div class=\"flex-col gap-1 md:gap-3\">\n<div class=\"flex max-w-full flex-col flex-grow\">\n<div class=\"min-h-[20px] text-message flex w-full flex-col items-end gap-2 whitespace-normal break-words [.text-message+&amp;]:mt-5\" dir=\"auto\" data-message-author-role=\"assistant\" data-message-id=\"79d022e2-f54d-44a2-bb8f-e6fb6b9fd2f8\">\n<div class=\"flex w-full flex-col gap-1 empty:hidden first:pt-[3px]\">\n<div class=\"markdown prose w-full break-words dark:prose-invert dark\">\n<p>Plongez au c\u0153ur de la\u00a0<b>cr\u00e9ation de parfum sur mesure<\/b>\u00a0lors de cet atelier immersif en mini-groupe, guid\u00e9 par un parfumeur Nez.<\/p>\n<p><b>Une exp\u00e9rience sensorielle unique :<\/b><b><br \/>\n<\/b>\u2013 Introduction interactive aux notes de fond, de c\u0153ur et de t\u00eate.<br \/>\n\u2013 Exploration des essences et s\u00e9lection des ingr\u00e9dients de haute qualit\u00e9.<br \/>\n\u2013 Accompagnement personnalis\u00e9 pour composer une fragrance \u00e9quilibr\u00e9e.<br \/>\n\u2013\u00a0<b>Repartez avec un flacon de 50 ml<\/b>\u00a0de votre cr\u00e9ation exclusive.<\/p>\n<p><b>Offrez un bon cadeau<\/b>\u00a0et partagez cette aventure olfactive, id\u00e9ale pour la Saint-Valentin ou toute occasion sp\u00e9ciale.<\/p>\n<p><b>Vivez l\u2019\u00e9motion d\u2019un parfum qui vous ressemble !<\/b><\/p>\n<\/div>\n<\/div>\n<\/div>\n<\/div>\n<\/div>\n<\/div>\n<\/div>\n<\/div>\n<\/article>\n<article class=\"w-full text-token-text-primary focus-visible:outline-2 focus-visible:outline-offset-[-4px]\" dir=\"auto\" data-testid=\"conversation-turn-80\" data-scroll-anchor=\"false\">\n<div class=\"text-base py-[18px] px-3 md:px-4 m-auto w-full md:px-5 lg:px-4 xl:px-5\">\n<div class=\"mx-auto flex flex-1 gap-4 text-base md:gap-5 lg:gap-6 md:max-w-3xl lg:max-w-[40rem] xl:max-w-[48rem]\">\n<div class=\"group\/conversation-turn relative flex w-full min-w-0 flex-col\">\n<div class=\"flex-col gap-1 md:gap-3\">\n<div class=\"flex max-w-full flex-col flex-grow\">\n<div class=\"min-h-[20px] text-message flex w-full flex-col items-end gap-2 whitespace-normal break-words [.text-message+&amp;]:mt-5\" dir=\"auto\" data-message-author-role=\"user\" data-message-id=\"aaa24c53-45ea-47c2-8a4b-12a9e3c54bbc\">\n<div class=\"flex w-full flex-col gap-1 empty:hidden items-end rtl:items-start\">\n<div class=\"relative max-w-[70%] rounded-3xl px-5 py-2.5 bg-[#f4f4f4] dark:bg-token-main-surface-secondary\">\n<div class=\"whitespace-pre-wrap\"><\/div>\n<\/div>\n<\/div>\n<\/div>\n<\/div>\n<\/div>\n<\/div>\n<\/div>\n<\/div>\n<\/article>\n","protected":false},"excerpt":{"rendered":"<p><span style=\"font-weight: 400;\">The workshop <\/span><b>\u201cD\u00e9couverte Parfum\u00e9e<\/b><span style=\"font-weight: 400;\">\u201c and create your own <strong>unique fragrance.<\/strong> Let yourself be enchanted by this unique olfactory experience, where you'll create a perfume that's just like you for Valentine's Day. Accompanied by a perfumer-creator, explore the world of fragrances and leave with a bottle of <strong>50 ml,<\/strong> <strong>signature of your personality.<\/strong><\/span><\/p>","protected":false},"featured_media":854058,"template":"","meta":{"_acf_changed":false,"_seopress_robots_primary_cat":"75","_seopress_titles_title":"Atelier D\u00e9couverte Parfum\u00e9e - Le Studio des Parfums","_seopress_titles_desc":"Id\u00e9e cadeau Saint-Valentin - Femme - Homme - Cr\u00e9ez votre parfum sur mesure, explorez des senteurs uniques et plongez dans l'art de la parfumerie.","_seopress_robots_index":""},"product_brand":[],"product_cat":[75,119],"product_tag":[],"class_list":{"0":"post-854001","1":"product","2":"type-product","3":"status-publish","4":"has-post-thumbnail","6":"product_cat-atelier-en-presentiel","7":"product_cat-pour-soi","8":"wcpa_has_options","10":"first","11":"instock","12":"virtual","13":"sold-individually","14":"taxable","15":"purchasable","16":"product-type-booking"},"booking_location":"","booking_location_type":"","booking_duration":2,"booking_duration_unit":"hour","booking_buffer":0,"booking_cost":150,"booking_resources":[],"acf":[],"wcpa_form_fields":{"wcpaData":{"product":{"product_price":150,"price_html":"From: <span class=\"woocommerce-Price-amount amount\"><bdi>150<span class=\"woocommerce-Price-currencySymbol\">&euro;<\/span><\/bdi><\/span>","original_product_price":150,"price_including_tax":150,"price_excluding_tax":125,"product_id":{"parent":854001,"variation":false},"is_variable":false,"stock_status":"instock","stock_quantity":null,"parent_sku":"805393-3-1","product_attributes":[],"custom_fields":[],"is_taxable":true,"product_name":"D\u00e9couverte parfum\u00e9e 50ml","hasImage":false},"fields":{"sec_564dfa27b59f19":{"extra":{"key":"sec_564dfa27b59f19","section_id":"sec_564dfa27b59f19","name":"Default","status":1,"cl_rule":"show","enableCl":false,"relations":[],"toggle":true,"title_tag":"h3","show_title":false,"showPrice":"default","form_id":808886,"form_rules":{"exclude_from_discount":false,"fee_label":"Frais","disp_hide_options_price":false,"disp_show_section_price":false,"disp_show_field_price":true,"layout_option":"standard","pric_use_as_fee":false,"process_fee_as":"woo_fee"},"layout_option":"standard"},"fields":[[{"type":"checkbox-group","required":true,"elementId":"wcpa-checkbox-group-1689956920155","label":"Conditions particuli\u00e8res","description":"","desc_type":true,"priceOptions":"different_for_all","pricingType":"fixed","name":"checkbox-group-1689956920155","min_options":"1","cl_rule":"show","col":6,"values":[{"label":"Les r\u00e9servations qui ont lieu les week-end et jours f\u00e9ri\u00e9s ne sont ni annulables, ni d\u00e9pla\u00e7ables (sauf justification valable). Les r\u00e9servations ayant lieu en semaine sont, elles, d\u00e9pla\u00e7ables jusqu\u2019\u00e0 48h avant la date de r\u00e9servation.","value":"option-1","price":"","pimage":"","pimage_id":"","pthumb":"","tempId":"aco_2775","gt_translate_keys":["label"]},{"label":"Les retards de plus de 10 minutes ne seront pas accept\u00e9s. Toutefois, si vous nous informez \u00e0 l'avance d'une situation impr\u00e9vue, nous pourrons envisager de reprogrammer votre atelier.","value":"Option - 8","selected":false,"tempId":"aco_2795","gt_translate_keys":["label"]}],"relations":false,"active":true,"tooltip":"Veuillez accepter en cochant cette case","layOut":"","checkUi":"","error":false,"hideFieldIn_cart":true,"hideFieldIn_order":true,"gt_translate_keys":["label","description","tooltip"],"price_dependency":false,"cl_dependency":false,"value":""}]]},"sec_564df86cd586fb":{"extra":{"key":"sec_564df86cd586fb","section_id":"sec_564df86cd586fb","name":"Default","status":1,"cl_rule":"show","enableCl":false,"relations":[],"toggle":true,"title_tag":"h3","show_title":false,"showPrice":"default","form_id":805457,"form_rules":{"exclude_from_discount":false,"fee_label":"Frais","disp_hide_options_price":false,"disp_show_section_price":false,"disp_show_field_price":true,"layout_option":"standard","pric_use_as_fee":false,"process_fee_as":"woo_fee"},"layout_option":"standard"},"fields":[[{"active":true,"col":6,"relations":false,"cl_rule":"show","enableCl":false,"price":"","enablePrice":true,"className":"","label_position":"default","desc_position":"default","type":"checkbox-group","required":false,"elementId":"checkgroup_3674691310","label":"Sublimez votre atelier en choisissant des options exclusives (cliquez ci-dessous) :","name":"checkgroup_3674691310","values":[{"label":"Une coupe de champagne - Sparkling flower","value":"Option - 1","selected":false,"tempId":"aco_1353","price":"12","gt_translate_keys":["label"]},{"label":"Un vaporisateur de voyage au choix","value":"Option - 2","selected":false,"tempId":"aco_1354","price":"10","gt_translate_keys":["label"]},{"label":"Ruban personnalis\u00e9 sur mesure","value":"Option - 4","selected":false,"tempId":"aco_1365","price":"7","gt_translate_keys":["label"]},{"label":"Dipl\u00f4me d'apprenti parfumeur","value":"Option - 5","selected":false,"tempId":"aco_1375","price":"7","gt_translate_keys":["label"]}],"layOut":"","error":false,"checkUi":"","priceOptions":"different_for_all","pricingType":"multiply","use_as_fee":true,"enable_quantity":true,"quantity_label":"","gt_translate_keys":["label","quantity_label"],"price_dependency":false,"cl_dependency":["text_3965545854"],"value":""}],[{"active":true,"col":6,"relations":[{"operator":false,"rules":[{"operator":"AND","rules":{"cl_field":"checkgroup_3674691310","cl_relation":"is","cl_val":"Option - 6"}}]}],"cl_rule":"show","enableCl":true,"price":"","enablePrice":false,"className":"","label_position":"default","desc_position":"default","type":"text","subtype":"text","required":true,"elementId":"text_3965545854","label":"Adresse Postale (Nom\/Pr\u00e9nom, adresse, code postal, ville, pays)","name":"text_3965545854","value":"","error":false,"description":"Exemple: Henri Dupont, 7 rue des francs bourgeois, 75004, Paris, France.","gt_translate_keys":["label","description","value"],"price_dependency":false,"cl_dependency":false}],[{"active":true,"col":6,"relations":false,"cl_rule":"show","enableCl":false,"price":"","enablePrice":false,"className":"","label_position":"default","desc_position":"default","type":"text","subtype":"text","required":false,"elementId":"text_9927890202","label":"Commentaires\/Consignes","name":"text_9927890202","value":"","description":"Fa\u00eetes-nous part de la moindre remarque, notre \u00e9quipe r\u00e9pondra au mieux \u00e0 vos attentes.","error":false,"gt_translate_keys":["label","description","value"],"price_dependency":false,"cl_dependency":false}]]}},"config":{"price_override":"","enable_recaptcha":false,"bind_quantity":false,"quantity_bind_formula":false,"disp_summ_show_option_price":true,"disp_summ_show_product_price":true,"disp_summ_show_total_price":true,"disp_summ_show_fee":false,"disp_summ_show_discount":false,"summary_title":"","options_total_label":"Prix des options","total_label":"Total","options_product_label":"Prix du produit","fee_label":"Frais","discount_label":"Remise","has_price":true,"has_quantity_formula":false},"mc_unit":1,"tax_rate":1,"tax_rate_real":0.2,"discount":{"percentage":0,"fixed":0},"design":{"conf":{"LabelPosition":"above","DescPosition":"above","UploadField":"custom_1","QuantityFieldStyle":"default"},"css":{"LeftLabelWidth":"120px"}},"formulas":[],"lookuptables":[],"clones":false,"cartKey":false}},"_links":{"self":[{"href":"https:\/\/b1hbib.salite.space\/en_us\/wp-json\/wp\/v2\/product\/854001","targetHints":{"allow":["GET"]}}],"collection":[{"href":"https:\/\/b1hbib.salite.space\/en_us\/wp-json\/wp\/v2\/product"}],"about":[{"href":"https:\/\/b1hbib.salite.space\/en_us\/wp-json\/wp\/v2\/types\/product"}],"version-history":[{"count":0,"href":"https:\/\/b1hbib.salite.space\/en_us\/wp-json\/wp\/v2\/product\/854001\/revisions"}],"wp:featuredmedia":[{"embeddable":true,"href":"https:\/\/b1hbib.salite.space\/en_us\/wp-json\/wp\/v2\/media\/854058"}],"wp:attachment":[{"href":"https:\/\/b1hbib.salite.space\/en_us\/wp-json\/wp\/v2\/media?parent=854001"}],"wp:term":[{"taxonomy":"product_brand","embeddable":true,"href":"https:\/\/b1hbib.salite.space\/en_us\/wp-json\/wp\/v2\/product_brand?post=854001"},{"taxonomy":"product_cat","embeddable":true,"href":"https:\/\/b1hbib.salite.space\/en_us\/wp-json\/wp\/v2\/product_cat?post=854001"},{"taxonomy":"product_tag","embeddable":true,"href":"https:\/\/b1hbib.salite.space\/en_us\/wp-json\/wp\/v2\/product_tag?post=854001"}],"curies":[{"name":"wp","href":"https:\/\/api.w.org\/{rel}","templated":true}]}}