{"id":855870,"date":"2024-08-16T15:18:54","date_gmt":"2024-08-16T13:18:54","guid":{"rendered":"https:\/\/b1hbib.salite.space\/?post_type=product&#038;p=855870"},"modified":"2025-04-22T11:44:21","modified_gmt":"2025-04-22T09:44:21","slug":"creation-passion-100-ml","status":"publish","type":"product","link":"https:\/\/b1hbib.salite.space\/en_us\/boutique\/creation-passion-100-ml\/","title":{"rendered":"Cr\u00e9ation Passion \u2013 100ml"},"content":{"rendered":"<p><b>Atelier \u00ab Cr\u00e9ation Passion \u00bb : Cr\u00e9ez votre parfum unique<\/b><\/p>\n<p>Plongez dans l\u2019univers fascinant de la\u00a0<b>perfumery<\/b>\u00a0avec notre atelier\u00a0<b>Cr\u00e9ation Passion<\/b>. Une exp\u00e9rience immersive o\u00f9 vous d\u00e9couvrirez les secrets de la composition de parfum sur mesure, guid\u00e9 par nos parfumeurs experts.<\/p>\n<p><b>On the agenda:<\/b><b><br \/>\n<\/b>\u2013 Introduction interactive aux bases de la parfumerie et exploration des\u00a0<b>notes de t\u00eate, c\u0153ur et fond.<\/b><b><br \/>\n<\/b>\u2013 Exploration d\u2019une large vari\u00e9t\u00e9 d\u2019essences, du santal \u00e0 la bergamote, du patchouli au musc.<br \/>\n\u2013 Cr\u00e9ation d\u2019un parfum personnalis\u00e9 qui refl\u00e8te votre personnalit\u00e9, avec l\u2019aide d\u2019un expert.<br \/>\n-\u00a0<b>Repartez avec un flacon de 100 ml<\/b>\u00a0de votre propre cr\u00e9ation et un num\u00e9ro unique pour toute future commande!<\/p>\n<p><b>Un voyage sensoriel<\/b>\u00a0pour comprendre l\u2019harmonie des ar\u00f4mes et cr\u00e9er un parfum \u00e0 votre image, \u00e0 partager ou \u00e0 offrir !<\/p>","protected":false},"excerpt":{"rendered":"<p>Let yourself be seduced by <strong>the workshop Creation Passion<\/strong>, an unique olfactory experience where you will create your own perfume for Valentine's Day. Within a small group and guided with a perfumer, discover the magic perfumery world and get your own<strong> 100 ml eau de parfum in a pretty bottle.<\/strong><\/p>","protected":false},"featured_media":807417,"template":"","meta":{"_acf_changed":false,"_seopress_robots_primary_cat":"75","_seopress_titles_title":"Atelier Cr\u00e9ation Passion - Le Studio des Parfums","_seopress_titles_desc":"Id\u00e9e cadeau Saint-Valentin - Femme - Homme - Participez \u00e0 l'atelier Cr\u00e9ation Passion et cr\u00e9ez votre parfum personnalis\u00e9.","_seopress_robots_index":""},"product_brand":[],"product_cat":[75],"product_tag":[],"class_list":{"0":"post-855870","1":"product","2":"type-product","3":"status-publish","4":"has-post-thumbnail","6":"product_cat-atelier-en-presentiel","7":"wcpa_has_options","9":"first","10":"instock","11":"virtual","12":"sold-individually","13":"taxable","14":"purchasable","15":"product-type-booking"},"booking_location":"","booking_location_type":"","booking_duration":2,"booking_duration_unit":"hour","booking_buffer":0,"booking_cost":235,"booking_resources":[],"acf":[],"wcpa_form_fields":{"wcpaData":{"product":{"product_price":235,"price_html":"From: <span class=\"woocommerce-Price-amount amount\"><bdi>235<span class=\"woocommerce-Price-currencySymbol\">&euro;<\/span><\/bdi><\/span>","original_product_price":235,"price_including_tax":235,"price_excluding_tax":195.833333,"product_id":{"parent":855870,"variation":false},"is_variable":false,"stock_status":"instock","stock_quantity":null,"parent_sku":"805393-6","product_attributes":[],"custom_fields":[],"is_taxable":true,"product_name":"Cr\u00e9ation Passion \u2013 100ml","hasImage":false},"fields":{"sec_564df86cd586fb":{"extra":{"key":"sec_564df86cd586fb","section_id":"sec_564df86cd586fb","name":"Default","status":1,"cl_rule":"show","enableCl":false,"relations":[],"toggle":true,"title_tag":"h3","show_title":false,"showPrice":"default","form_id":805457,"form_rules":{"exclude_from_discount":false,"fee_label":"Frais","disp_hide_options_price":false,"disp_show_section_price":false,"disp_show_field_price":true,"layout_option":"standard","pric_use_as_fee":false,"process_fee_as":"woo_fee"},"layout_option":"standard"},"fields":[[{"active":true,"col":6,"relations":false,"cl_rule":"show","enableCl":false,"price":"","enablePrice":true,"className":"","label_position":"default","desc_position":"default","type":"checkbox-group","required":false,"elementId":"checkgroup_3674691310","label":"Sublimez votre atelier en choisissant des options exclusives (cliquez ci-dessous) :","name":"checkgroup_3674691310","values":[{"label":"Une coupe de champagne - Sparkling flower","value":"Option - 1","selected":false,"tempId":"aco_1353","price":"12","gt_translate_keys":["label"]},{"label":"Un vaporisateur de voyage au choix","value":"Option - 2","selected":false,"tempId":"aco_1354","price":"10","gt_translate_keys":["label"]},{"label":"Ruban personnalis\u00e9 sur mesure","value":"Option - 4","selected":false,"tempId":"aco_1365","price":"7","gt_translate_keys":["label"]},{"label":"Dipl\u00f4me d'apprenti parfumeur","value":"Option - 5","selected":false,"tempId":"aco_1375","price":"7","gt_translate_keys":["label"]}],"layOut":"","error":false,"checkUi":"","priceOptions":"different_for_all","pricingType":"multiply","use_as_fee":true,"enable_quantity":true,"quantity_label":"","gt_translate_keys":["label","quantity_label"],"price_dependency":false,"cl_dependency":["text_3965545854"],"value":""}],[{"active":true,"col":6,"relations":[{"operator":false,"rules":[{"operator":"AND","rules":{"cl_field":"checkgroup_3674691310","cl_relation":"is","cl_val":"Option - 6"}}]}],"cl_rule":"show","enableCl":true,"price":"","enablePrice":false,"className":"","label_position":"default","desc_position":"default","type":"text","subtype":"text","required":true,"elementId":"text_3965545854","label":"Adresse Postale (Nom\/Pr\u00e9nom, adresse, code postal, ville, pays)","name":"text_3965545854","value":"","error":false,"description":"Exemple: Henri Dupont, 7 rue des francs bourgeois, 75004, Paris, France.","gt_translate_keys":["label","description","value"],"price_dependency":false,"cl_dependency":false}],[{"active":true,"col":6,"relations":false,"cl_rule":"show","enableCl":false,"price":"","enablePrice":false,"className":"","label_position":"default","desc_position":"default","type":"text","subtype":"text","required":false,"elementId":"text_9927890202","label":"Commentaires\/Consignes","name":"text_9927890202","value":"","description":"Fa\u00eetes-nous part de la moindre remarque, notre \u00e9quipe r\u00e9pondra au mieux \u00e0 vos attentes.","error":false,"gt_translate_keys":["label","description","value"],"price_dependency":false,"cl_dependency":false}]]},"sec_564dfa27b59f19":{"extra":{"key":"sec_564dfa27b59f19","section_id":"sec_564dfa27b59f19","name":"Default","status":1,"cl_rule":"show","enableCl":false,"relations":[],"toggle":true,"title_tag":"h3","show_title":false,"showPrice":"default","form_id":808886,"form_rules":{"exclude_from_discount":false,"fee_label":"Frais","disp_hide_options_price":false,"disp_show_section_price":false,"disp_show_field_price":true,"layout_option":"standard","pric_use_as_fee":false,"process_fee_as":"woo_fee"},"layout_option":"standard"},"fields":[[{"type":"checkbox-group","required":true,"elementId":"wcpa-checkbox-group-1689956920155","label":"Conditions particuli\u00e8res","description":"","desc_type":true,"priceOptions":"different_for_all","pricingType":"fixed","name":"checkbox-group-1689956920155","min_options":"1","cl_rule":"show","col":6,"values":[{"label":"Les r\u00e9servations qui ont lieu les week-end et jours f\u00e9ri\u00e9s ne sont ni annulables, ni d\u00e9pla\u00e7ables (sauf justification valable). Les r\u00e9servations ayant lieu en semaine sont, elles, d\u00e9pla\u00e7ables jusqu\u2019\u00e0 48h avant la date de r\u00e9servation.","value":"option-1","price":"","pimage":"","pimage_id":"","pthumb":"","tempId":"aco_2775","gt_translate_keys":["label"]},{"label":"Les retards de plus de 10 minutes ne seront pas accept\u00e9s. Toutefois, si vous nous informez \u00e0 l'avance d'une situation impr\u00e9vue, nous pourrons envisager de reprogrammer votre atelier.","value":"Option - 8","selected":false,"tempId":"aco_2795","gt_translate_keys":["label"]}],"relations":false,"active":true,"tooltip":"Veuillez accepter en cochant cette case","layOut":"","checkUi":"","error":false,"hideFieldIn_cart":true,"hideFieldIn_order":true,"gt_translate_keys":["label","description","tooltip"],"price_dependency":false,"cl_dependency":false,"value":""}]]}},"config":{"price_override":"","enable_recaptcha":false,"bind_quantity":false,"quantity_bind_formula":false,"disp_summ_show_option_price":true,"disp_summ_show_product_price":true,"disp_summ_show_total_price":true,"disp_summ_show_fee":false,"disp_summ_show_discount":false,"summary_title":"","options_total_label":"Prix des options","total_label":"Total","options_product_label":"Prix du produit","fee_label":"Frais","discount_label":"Remise","has_price":true,"has_quantity_formula":false},"mc_unit":1,"tax_rate":1,"tax_rate_real":0.2,"discount":{"percentage":0,"fixed":0},"design":{"conf":{"LabelPosition":"above","DescPosition":"above","UploadField":"custom_1","QuantityFieldStyle":"default"},"css":{"LeftLabelWidth":"120px"}},"formulas":[],"lookuptables":[],"clones":false,"cartKey":false}},"_links":{"self":[{"href":"https:\/\/b1hbib.salite.space\/en_us\/wp-json\/wp\/v2\/product\/855870","targetHints":{"allow":["GET"]}}],"collection":[{"href":"https:\/\/b1hbib.salite.space\/en_us\/wp-json\/wp\/v2\/product"}],"about":[{"href":"https:\/\/b1hbib.salite.space\/en_us\/wp-json\/wp\/v2\/types\/product"}],"version-history":[{"count":0,"href":"https:\/\/b1hbib.salite.space\/en_us\/wp-json\/wp\/v2\/product\/855870\/revisions"}],"wp:featuredmedia":[{"embeddable":true,"href":"https:\/\/b1hbib.salite.space\/en_us\/wp-json\/wp\/v2\/media\/807417"}],"wp:attachment":[{"href":"https:\/\/b1hbib.salite.space\/en_us\/wp-json\/wp\/v2\/media?parent=855870"}],"wp:term":[{"taxonomy":"product_brand","embeddable":true,"href":"https:\/\/b1hbib.salite.space\/en_us\/wp-json\/wp\/v2\/product_brand?post=855870"},{"taxonomy":"product_cat","embeddable":true,"href":"https:\/\/b1hbib.salite.space\/en_us\/wp-json\/wp\/v2\/product_cat?post=855870"},{"taxonomy":"product_tag","embeddable":true,"href":"https:\/\/b1hbib.salite.space\/en_us\/wp-json\/wp\/v2\/product_tag?post=855870"}],"curies":[{"name":"wp","href":"https:\/\/api.w.org\/{rel}","templated":true}]}}