{"id":855952,"date":"2024-08-17T12:14:38","date_gmt":"2024-08-17T10:14:38","guid":{"rendered":"https:\/\/b1hbib.salite.space\/?post_type=product&#038;p=855952"},"modified":"2025-04-22T11:38:00","modified_gmt":"2025-04-22T09:38:00","slug":"duo-passion-2x50-ml","status":"publish","type":"product","link":"https:\/\/b1hbib.salite.space\/en_us\/boutique\/duo-passion-2x50-ml\/","title":{"rendered":"Duo Passion \u2013 2x50ml"},"content":{"rendered":"<p><span style=\"font-weight: 400;\">The workshop <\/span><b>\u201cDuo Passion\u201d<\/b><span style=\"font-weight: 400;\"> is an exclusive experience to share as a couple, with friends or with a loved one. It is the perfect gift for Valentine's Day. For 2 hours, immerse yourself in bespoke perfume creation with an expert perfumer from Studio des Parfums. Not only will you discover the different olfactory notes, but you'll also learn the subtle art of perfume composition.<\/span><\/p>\n<p><span style=\"font-weight: 400;\">In this workshop, you'll explore a wide range of scents, from floral essences like rose and jasmine, to woody aromas like cedar and musk, to fruity notes like pear and peach. You'll learn how to select the base, heart and top notes for your perfumes, discovering how each note interacts with the others to create a unique fragrance.<\/span><\/p>\n<p class=\"translation-block\">Throughout the workshop, our experienced perfumers will guide you with personalized advice, helping you harmonize your choices to achieve the perfect balance of aromas. You'll receive tailor-made recommendations for creating a fragrance that's just right for you.<\/p>\n<p><span style=\"font-weight: 400;\">At the end of the workshop, leave with two 50 ml bottles, symbols of this shared adventure. The workshop <\/span><b>Duo Passion<\/b><span style=\"font-weight: 400;\"> offers you the opportunity to immerse yourselves together in the art of bespoke perfumery. You'll create fragrances that reflect your unique personality and bond, while discovering unforgettable scents and fragrances that awaken the senses.<\/span><\/p>","protected":false},"excerpt":{"rendered":"<div class=\"elementor-element elementor-element-6d9eaea6 elementor-widget elementor-widget-woocommerce-product-short-description\" data-id=\"6d9eaea6\" data-element_type=\"widget\" data-widget_type=\"woocommerce-product-short-description.default\">\n<div class=\"elementor-widget-container\">\n<div class=\"woocommerce-product-details__short-description\">\n<p class=\"translation-block\">Let yourself be enchanted by our perfume workshop \u201cDuo Passion\u201d, a unique olfactory experience where you will have the opportunity to create your own customized perfumes as a duo. In a small group, you'll be guided by one of our passionate perfumers, who will introduce you to the fascinating world of perfumery. At the end of this sensory adventure, you'll leave with two 50 ml eaux de parfum, elegantly presented in pretty bottles.<\/p>\n<p>&nbsp;<\/p>\n<\/div>\n<\/div>\n<\/div>\n<div class=\"elementor-element elementor-element-a000c17 elementor-product-price-block-yes elementor-widget elementor-widget-woocommerce-product-price\" data-id=\"a000c17\" data-element_type=\"widget\" data-widget_type=\"woocommerce-product-price.default\">\n<div class=\"elementor-widget-container\"><\/div>\n<\/div>","protected":false},"featured_media":806707,"template":"","meta":{"_acf_changed":false,"_seopress_robots_primary_cat":"75","_seopress_titles_title":"Atelier parfum \"Duo Passion\" \u2013 Le Studio des Parfums","_seopress_titles_desc":"Id\u00e9e cadeau Saint-Valentin - Femme - Homme - Cr\u00e9er votre parfum sur mesure en duo. Une exp\u00e9rience olfactive unique autour des fragrances en parfumerie !","_seopress_robots_index":""},"product_brand":[],"product_cat":[75,119],"product_tag":[],"class_list":{"0":"post-855952","1":"product","2":"type-product","3":"status-publish","4":"has-post-thumbnail","6":"product_cat-atelier-en-presentiel","7":"product_cat-pour-soi","8":"wcpa_has_options","10":"first","11":"instock","12":"virtual","13":"sold-individually","14":"taxable","15":"purchasable","16":"product-type-booking"},"booking_location":"","booking_location_type":"","booking_duration":2,"booking_duration_unit":"hour","booking_buffer":0,"booking_cost":275,"booking_resources":[],"acf":[],"wcpa_form_fields":{"wcpaData":{"product":{"product_price":275,"price_html":"<span class=\"woocommerce-Price-amount amount\"><bdi>275<span class=\"woocommerce-Price-currencySymbol\">&euro;<\/span><\/bdi><\/span>","original_product_price":275,"price_including_tax":275,"price_excluding_tax":229.166667,"product_id":{"parent":855952,"variation":false},"is_variable":false,"stock_status":"instock","stock_quantity":null,"parent_sku":"805390-2","product_attributes":[],"custom_fields":[],"is_taxable":true,"product_name":"Duo Passion \u2013 2x50ml","hasImage":false},"fields":{"sec_364e7176e55c19":{"extra":{"key":"sec_364e7176e55c19","section_id":"sec_364e7176e55c19","name":"Default","status":1,"cl_rule":"show","enableCl":false,"relations":[],"toggle":true,"title_tag":"h3","show_title":false,"showPrice":"default","form_id":821908,"form_rules":{"exclude_from_discount":false,"fee_label":"Frais","disp_hide_options_price":false,"disp_show_section_price":false,"disp_show_field_price":true,"layout_option":"standard","pric_use_as_fee":false,"process_fee_as":"woo_fee"},"layout_option":"standard"},"fields":[[{"active":true,"col":6,"relations":false,"cl_rule":"show","enableCl":false,"price":"","enablePrice":true,"className":"","label_position":"default","desc_position":"default","type":"checkbox-group","required":false,"elementId":"checkgroup_0207501914","label":"S\u00e9lectionnez vos options en cliquant ci-dessous. Ensuite, vous pourrez choisir la quantit\u00e9 souhait\u00e9e :","name":"checkgroup_0207501914","values":[{"label":"Une coupe de champagne - Sparkling flower","value":"Option - 1","selected":false,"tempId":"aco_957","price":"12","gt_translate_keys":["label"]},{"label":"Un vaporisateur de voyage au choix","value":"Option - 2","selected":false,"tempId":"aco_958","price":"10","gt_translate_keys":["label"]},{"label":"Ruban personnalis\u00e9 sur mesure","value":"Option - 4","selected":false,"tempId":"aco_988","price":"7","gt_translate_keys":["label"]},{"label":"Dipl\u00f4me d'apprenti parfumeur","value":"Option - 5","selected":false,"tempId":"aco_998","price":"7","gt_translate_keys":["label"]}],"layOut":"","error":false,"checkUi":"","priceOptions":"different_for_all","pricingType":"multiply","use_as_fee":true,"enable_quantity":true,"quantity_label":"","min_quantity":"1","gt_translate_keys":["label","quantity_label"],"price_dependency":false,"cl_dependency":["text_464e7176e55c69"],"value":""}],[{"active":true,"col":6,"relations":[{"operator":false,"rules":[{"operator":"AND","rules":{"cl_field":"checkgroup_0207501914","cl_relation":"is","cl_val":"Option - 6"}}]}],"cl_rule":"show","enableCl":true,"price":"","enablePrice":false,"className":"","label_position":"default","desc_position":"default","type":"text","subtype":"text","required":true,"elementId":"text_464e7176e55c69","label":"Adresse Postale (Nom\/Pr\u00e9nom, adresse, code postal, ville, pays)","name":"text_464e7176e55c69","value":"","error":false,"description":"Exemple: Henri Dupont, 7 rue des Francs Bourgeois, 75004, Paris, France.","gt_translate_keys":["label","description","value"],"price_dependency":false,"cl_dependency":false}],[{"active":true,"col":6,"relations":false,"cl_rule":"show","enableCl":false,"price":"","enablePrice":false,"className":"","label_position":"default","desc_position":"default","type":"text","subtype":"text","required":false,"elementId":"text_9598777151","label":"Commentaires\/Consignes","name":"text_9598777151","value":"","description":"Fa\u00eetes-nous part de la moindre remarque, notre \u00e9quipe r\u00e9pondra au mieux \u00e0 vos attentes.","error":false,"gt_translate_keys":["label","description","value"],"price_dependency":false,"cl_dependency":false}]]},"sec_564dfa27b59f19":{"extra":{"key":"sec_564dfa27b59f19","section_id":"sec_564dfa27b59f19","name":"Default","status":1,"cl_rule":"show","enableCl":false,"relations":[],"toggle":true,"title_tag":"h3","show_title":false,"showPrice":"default","form_id":808886,"form_rules":{"exclude_from_discount":false,"fee_label":"Frais","disp_hide_options_price":false,"disp_show_section_price":false,"disp_show_field_price":true,"layout_option":"standard","pric_use_as_fee":false,"process_fee_as":"woo_fee"},"layout_option":"standard"},"fields":[[{"type":"checkbox-group","required":true,"elementId":"wcpa-checkbox-group-1689956920155","label":"Conditions particuli\u00e8res","description":"","desc_type":true,"priceOptions":"different_for_all","pricingType":"fixed","name":"checkbox-group-1689956920155","min_options":"1","cl_rule":"show","col":6,"values":[{"label":"Les r\u00e9servations qui ont lieu les week-end et jours f\u00e9ri\u00e9s ne sont ni annulables, ni d\u00e9pla\u00e7ables (sauf justification valable). Les r\u00e9servations ayant lieu en semaine sont, elles, d\u00e9pla\u00e7ables jusqu\u2019\u00e0 48h avant la date de r\u00e9servation.","value":"option-1","price":"","pimage":"","pimage_id":"","pthumb":"","tempId":"aco_2775","gt_translate_keys":["label"]},{"label":"Les retards de plus de 10 minutes ne seront pas accept\u00e9s. Toutefois, si vous nous informez \u00e0 l'avance d'une situation impr\u00e9vue, nous pourrons envisager de reprogrammer votre atelier.","value":"Option - 8","selected":false,"tempId":"aco_2795","gt_translate_keys":["label"]}],"relations":false,"active":true,"tooltip":"Veuillez accepter en cochant cette case","layOut":"","checkUi":"","error":false,"hideFieldIn_cart":true,"hideFieldIn_order":true,"gt_translate_keys":["label","description","tooltip"],"price_dependency":false,"cl_dependency":false,"value":""}]]}},"config":{"price_override":"","enable_recaptcha":false,"bind_quantity":false,"quantity_bind_formula":false,"disp_summ_show_option_price":true,"disp_summ_show_product_price":true,"disp_summ_show_total_price":true,"disp_summ_show_fee":false,"disp_summ_show_discount":false,"summary_title":"","options_total_label":"Prix des options","total_label":"Total","options_product_label":"Prix du produit","fee_label":"Frais","discount_label":"Discount","has_price":true,"has_quantity_formula":false},"mc_unit":1,"tax_rate":1,"tax_rate_real":0.2,"discount":{"percentage":0,"fixed":0},"design":{"conf":{"LabelPosition":"above","DescPosition":"above","UploadField":"custom_1","QuantityFieldStyle":"default"},"css":{"LeftLabelWidth":"120px"}},"formulas":[],"lookuptables":[],"clones":false,"cartKey":false}},"_links":{"self":[{"href":"https:\/\/b1hbib.salite.space\/en_us\/wp-json\/wp\/v2\/product\/855952","targetHints":{"allow":["GET"]}}],"collection":[{"href":"https:\/\/b1hbib.salite.space\/en_us\/wp-json\/wp\/v2\/product"}],"about":[{"href":"https:\/\/b1hbib.salite.space\/en_us\/wp-json\/wp\/v2\/types\/product"}],"version-history":[{"count":0,"href":"https:\/\/b1hbib.salite.space\/en_us\/wp-json\/wp\/v2\/product\/855952\/revisions"}],"wp:featuredmedia":[{"embeddable":true,"href":"https:\/\/b1hbib.salite.space\/en_us\/wp-json\/wp\/v2\/media\/806707"}],"wp:attachment":[{"href":"https:\/\/b1hbib.salite.space\/en_us\/wp-json\/wp\/v2\/media?parent=855952"}],"wp:term":[{"taxonomy":"product_brand","embeddable":true,"href":"https:\/\/b1hbib.salite.space\/en_us\/wp-json\/wp\/v2\/product_brand?post=855952"},{"taxonomy":"product_cat","embeddable":true,"href":"https:\/\/b1hbib.salite.space\/en_us\/wp-json\/wp\/v2\/product_cat?post=855952"},{"taxonomy":"product_tag","embeddable":true,"href":"https:\/\/b1hbib.salite.space\/en_us\/wp-json\/wp\/v2\/product_tag?post=855952"}],"curies":[{"name":"wp","href":"https:\/\/api.w.org\/{rel}","templated":true}]}}