{"id":858300,"date":"2024-10-22T17:09:25","date_gmt":"2024-10-22T15:09:25","guid":{"rendered":"https:\/\/b1hbib.salite.space\/?post_type=product&#038;p=858300"},"modified":"2024-11-19T17:46:30","modified_gmt":"2024-11-19T16:46:30","slug":"le-reve-de-darius","status":"publish","type":"product","link":"https:\/\/b1hbib.salite.space\/en_us\/boutique\/le-reve-de-darius\/","title":{"rendered":"Le R\u00eave de Darius"},"content":{"rendered":"<p>Ce parfum est une ode \u00e0 l\u2019\u00e9vasion et au voyage onirique. <strong>\"\u00a0<em>Le R\u00eave de Darius\u00a0\u00bb<\/em> <\/strong>transporte vers des contr\u00e9es lointaines, avec des notes marines et \u00e9pic\u00e9es qui \u00e9voquent des horizons infinis et des aventures inexplor\u00e9es.<\/p>\n<ul>\n<li><strong>Top notes<\/strong> : Poivre Sichuan, Fleur d\u2019oranger, Bergamote<br \/>\nL&rsquo;ouverture fra\u00eeche et p\u00e9tillante de la bergamote, rehauss\u00e9e par l&rsquo;\u00e9clat \u00e9pic\u00e9 du poivre Sichuan et la douceur florale de la fleur d\u2019oranger.<\/li>\n<li><strong>Heart notes<\/strong> : Marine, Lavande, Muguet, Violette<br \/>\nUn c\u0153ur a\u00e9rien et d\u00e9licat, o\u00f9 la lavande et le muguet se fondent aux notes marines et \u00e0 la violette, cr\u00e9ant une sensation de l\u00e9g\u00e8ret\u00e9 et de s\u00e9r\u00e9nit\u00e9.<\/li>\n<li><strong>Base notes<\/strong> : Musc clair, Toffee (caramel), Patchouli \u00e9pic\u00e9, Encens d\u2019Oman<br \/>\nUne base \u00e0 la fois douce et intense, avec le musc clair et le caramel qui apportent une touche gourmande, tandis que le patchouli \u00e9pic\u00e9 et l\u2019encens d\u2019Oman ajoutent une profondeur exotique et mystique.<\/li>\n<\/ul>","protected":false},"excerpt":{"rendered":"<p>Plongez dans l&rsquo;univers envo\u00fbtant de \u00ab\u00a0Le R\u00eave de Darius\u00a0\u00bb, un parfum qui \u00e9voque l\u2019\u00e9vasion et la s\u00e9r\u00e9nit\u00e9. Sa composition sublime m\u00e9lange des notes fra\u00eeches et \u00e9pic\u00e9es avec des accords floraux d\u00e9licats.<\/p>","protected":false},"featured_media":860727,"template":"","meta":{"_acf_changed":false,"_seopress_robots_primary_cat":"none","_seopress_titles_title":"Le Studio des Parfums - Le R\u00eave de Darius","_seopress_titles_desc":"Plongez dans l'univers envo\u00fbtant de \"Le R\u00eave de Darius\", un parfum qui \u00e9voque l\u2019\u00e9vasion et la s\u00e9r\u00e9nit\u00e9. Sa composition sublime m\u00e9lange des notes fra\u00eeches et \u00e9pic\u00e9es avec des accords floraux d\u00e9licats.","_seopress_robots_index":""},"product_brand":[],"product_cat":[15],"product_tag":[],"class_list":{"0":"post-858300","1":"product","2":"type-product","3":"status-publish","4":"has-post-thumbnail","6":"product_cat-uncategorized","8":"first","9":"instock","10":"taxable","11":"shipping-taxable","12":"purchasable","13":"product-type-simple"},"booking_location":null,"booking_location_type":null,"booking_duration":null,"booking_duration_unit":null,"booking_buffer":null,"booking_cost":null,"booking_resources":null,"acf":[],"wcpa_form_fields":null,"_links":{"self":[{"href":"https:\/\/b1hbib.salite.space\/en_us\/wp-json\/wp\/v2\/product\/858300","targetHints":{"allow":["GET"]}}],"collection":[{"href":"https:\/\/b1hbib.salite.space\/en_us\/wp-json\/wp\/v2\/product"}],"about":[{"href":"https:\/\/b1hbib.salite.space\/en_us\/wp-json\/wp\/v2\/types\/product"}],"version-history":[{"count":0,"href":"https:\/\/b1hbib.salite.space\/en_us\/wp-json\/wp\/v2\/product\/858300\/revisions"}],"wp:featuredmedia":[{"embeddable":true,"href":"https:\/\/b1hbib.salite.space\/en_us\/wp-json\/wp\/v2\/media\/860727"}],"wp:attachment":[{"href":"https:\/\/b1hbib.salite.space\/en_us\/wp-json\/wp\/v2\/media?parent=858300"}],"wp:term":[{"taxonomy":"product_brand","embeddable":true,"href":"https:\/\/b1hbib.salite.space\/en_us\/wp-json\/wp\/v2\/product_brand?post=858300"},{"taxonomy":"product_cat","embeddable":true,"href":"https:\/\/b1hbib.salite.space\/en_us\/wp-json\/wp\/v2\/product_cat?post=858300"},{"taxonomy":"product_tag","embeddable":true,"href":"https:\/\/b1hbib.salite.space\/en_us\/wp-json\/wp\/v2\/product_tag?post=858300"}],"curies":[{"name":"wp","href":"https:\/\/api.w.org\/{rel}","templated":true}]}}